{"id":229,"date":"2022-02-22T10:08:33","date_gmt":"2022-02-22T10:08:33","guid":{"rendered":"https:\/\/brixiustrading.168-63-79-147.plesk.page\/?page_id=229"},"modified":"2022-06-21T14:24:27","modified_gmt":"2022-06-21T14:24:27","slug":"kategorier","status":"publish","type":"page","link":"https:\/\/brixiustrading.168-63-79-147.plesk.page\/?page_id=229","title":{"rendered":"KATEGORIER"},"content":{"rendered":"<div data-vc-full-width=\"true\" data-vc-full-width-init=\"false\" data-vc-stretch-content=\"true\" class=\"vc_row wpb_row vc_row-fluid product-category-grid vc_custom_1645524571777\"><div class=\"wpb_column vc_column_container vc_col-sm-12\"><div class=\"vc_column-inner\"><div class=\"wpb_wrapper\"><div class=\"vc_row wpb_row vc_inner vc_row-fluid max-container vc_row-o-equal-height vc_row-o-content-middle vc_row-flex\"><div class=\"wpb_column vc_column_container vc_col-sm-12\"><div class=\"vc_column-inner\"><div class=\"wpb_wrapper\"><h1 style=\"font-size: 35px;line-height: 40px;text-align: left\" class=\"vc_custom_heading\" >KATEGORIER<\/h1>\n\t<div class=\"wpb_text_column wpb_content_element \" >\n\t\t<div class=\"wpb_wrapper\">\n\t\t\t<p>Vi har et bredt udvalg af d\u00e6k til landbrug, industri og have.<br \/>\nG\u00e5 p\u00e5 opdagelse nedenfor.<\/p>\n\n\t\t<\/div>\n\t<\/div>\n<\/div><\/div><\/div><\/div><div class=\"vc_row wpb_row vc_inner vc_row-fluid max-container missionary-grid-custom vc_custom_1645784540458\"><div class=\"wpb_column vc_column_container vc_col-sm-8\"><div class=\"vc_column-inner\"><div class=\"wpb_wrapper\">\n<div class=\"vc_grid-container-wrapper vc_clearfix vc_grid-animation-fadeIn\">\n\t<div class=\"vc_grid-container vc_clearfix wpb_content_element vc_basic_grid vc_custom_1655821384104 product-grid-left\" data-initial-loading-animation=\"fadeIn\" data-vc-grid-settings=\"{&quot;page_id&quot;:229,&quot;style&quot;:&quot;all&quot;,&quot;action&quot;:&quot;vc_get_vc_grid_data&quot;,&quot;shortcode_id&quot;:&quot;1655821349939-5856d20c-8ac6-6&quot;,&quot;tag&quot;:&quot;vc_basic_grid&quot;}\" data-vc-request=\"https:\/\/brixiustrading.168-63-79-147.plesk.page\/wp-admin\/admin-ajax.php\" data-vc-post-id=\"229\" data-vc-public-nonce=\"4bca303c0c\">\n\t\t<div class=\"vc_grid vc_row vc_grid-gutter-30px vc_pageable-wrapper vc_hook_hover\" data-vc-pageable-content=\"true\"><div class=\"vc_pageable-slide-wrapper vc_clearfix\" data-vc-grid-content=\"true\"><div class=\"vc_grid-item vc_clearfix vc_col-sm-6\"><div class=\"vc_grid-item-mini vc_clearfix \"><div class=\"vc_gitem-animated-block  vc_gitem-animate vc_gitem-animate-goTop20\"  data-vc-animation=\"goTop20\"><div class=\"vc_gitem-zone vc_gitem-zone-a vc_gitem-is-link\" style=\"background-image: url('https:\/\/liton99.sirv.com\/WP_brixiustrading.168-63-79-147.plesk.page\/2022\/02\/block-1.png') !important;\"><a href=\"https:\/\/brixiustrading.168-63-79-147.plesk.page\/?kategori=traktordaek\" title=\"TRAKTORD\u00c6K\" class=\"vc_gitem-link vc-zone-link\" ><\/a><img decoding=\"async\" src=\"https:\/\/liton99.sirv.com\/WP_brixiustrading.168-63-79-147.plesk.page\/2022\/02\/block-1.png\" class=\"vc_gitem-zone-img\" alt=\"Vi har d\u00e6k til alle slags k\u00f8ret\u00f8jer  i industrien. Uanset om det er til lastvogne,  kraner, trailere, trucks eller andre\"><div class=\"vc_gitem-zone-mini\"><\/div><\/div><div class=\"vc_gitem-zone vc_gitem-zone-b vc-gitem-zone-height-mode-auto vc_gitem-is-link\"><a href=\"https:\/\/brixiustrading.168-63-79-147.plesk.page\/?kategori=traktordaek\" title=\"TRAKTORD\u00c6K\" class=\"vc_gitem-link vc-zone-link\" ><\/a><div class=\"vc_gitem-zone-mini\"><div class=\"vc_gitem_row vc_row vc_gitem-row-position-bottom\"><div class=\"vc_col-sm-12 assortment-content vc_gitem-col vc_gitem-col-align-\"><div class=\"vc_custom_heading vc_gitem-post-data vc_gitem-post-data-source-post_title\" ><h2 style=\"font-size: 20px;color: #ffffff;line-height: 30px;;text-align: center\" ><a href=\"https:\/\/brixiustrading.168-63-79-147.plesk.page\/?kategori=traktordaek\" class=\"vc_gitem-link\" title=\"TRAKTORD\u00c6K\">TRAKTORD\u00c6K<\/a><\/h2><\/div><div class=\"vc_custom_heading vc_gitem-post-data vc_gitem-post-data-source-post_excerpt\" ><p style=\"text-align: center\" ><p>Vi har d\u00e6k til alle slags k\u00f8ret\u00f8jer  i industrien. Uanset om det er til lastvogne,  kraner, trailere, trucks eller andre<\/p>\n<\/p><\/div><div class=\"vc_btn3-container vc_btn3-center\"><a class=\"vc_general vc_btn3 vc_btn3-size-md vc_btn3-shape-rounded vc_btn3-style-flat vc_btn3-color-blue\" a href=\"https:\/\/brixiustrading.168-63-79-147.plesk.page\/?kategori=traktordaek\" class=\"vc_gitem-link vc_general vc_btn3 vc_general vc_btn3 vc_btn3-size-md vc_btn3-shape-rounded vc_btn3-style-flat vc_btn3-color-blue\" title=\"L\u00c6S MERE\">L\u00c6S MERE<\/a><\/div><\/div><\/div><\/div><\/div><\/div><\/div><div class=\"vc_clearfix\"><\/div><\/div><div class=\"vc_grid-item vc_clearfix vc_col-sm-6\"><div class=\"vc_grid-item-mini vc_clearfix \"><div class=\"vc_gitem-animated-block  vc_gitem-animate vc_gitem-animate-goTop20\"  data-vc-animation=\"goTop20\"><div class=\"vc_gitem-zone vc_gitem-zone-a vc_gitem-is-link\" style=\"background-image: url('https:\/\/liton99.sirv.com\/WP_brixiustrading.168-63-79-147.plesk.page\/2022\/02\/block-2.png') !important;\"><a href=\"https:\/\/brixiustrading.168-63-79-147.plesk.page\/?kategori=graesdaek\" title=\"GR\u00c6SD\u00c6K\" class=\"vc_gitem-link vc-zone-link\" ><\/a><img decoding=\"async\" src=\"https:\/\/liton99.sirv.com\/WP_brixiustrading.168-63-79-147.plesk.page\/2022\/02\/block-2.png\" class=\"vc_gitem-zone-img\" alt=\"Vi har d\u00e6k til alle slags k\u00f8ret\u00f8jer i industrien. Uanset om det er til lastvogne, kraner, trailere, trucks eller andre.\"><div class=\"vc_gitem-zone-mini\"><\/div><\/div><div class=\"vc_gitem-zone vc_gitem-zone-b vc-gitem-zone-height-mode-auto vc_gitem-is-link\"><a href=\"https:\/\/brixiustrading.168-63-79-147.plesk.page\/?kategori=graesdaek\" title=\"GR\u00c6SD\u00c6K\" class=\"vc_gitem-link vc-zone-link\" ><\/a><div class=\"vc_gitem-zone-mini\"><div class=\"vc_gitem_row vc_row vc_gitem-row-position-bottom\"><div class=\"vc_col-sm-12 assortment-content vc_gitem-col vc_gitem-col-align-\"><div class=\"vc_custom_heading vc_gitem-post-data vc_gitem-post-data-source-post_title\" ><h2 style=\"font-size: 20px;color: #ffffff;line-height: 30px;;text-align: center\" ><a href=\"https:\/\/brixiustrading.168-63-79-147.plesk.page\/?kategori=graesdaek\" class=\"vc_gitem-link\" title=\"GR\u00c6SD\u00c6K\">GR\u00c6SD\u00c6K<\/a><\/h2><\/div><div class=\"vc_custom_heading vc_gitem-post-data vc_gitem-post-data-source-post_excerpt\" ><p style=\"text-align: center\" ><p>Vi har d\u00e6k til alle slags k\u00f8ret\u00f8jer i industrien. Uanset om det er til lastvogne, kraner, trailere, trucks eller andre.<\/p>\n<\/p><\/div><div class=\"vc_btn3-container vc_btn3-center\"><a class=\"vc_general vc_btn3 vc_btn3-size-md vc_btn3-shape-rounded vc_btn3-style-flat vc_btn3-color-blue\" a href=\"https:\/\/brixiustrading.168-63-79-147.plesk.page\/?kategori=graesdaek\" class=\"vc_gitem-link vc_general vc_btn3 vc_general vc_btn3 vc_btn3-size-md vc_btn3-shape-rounded vc_btn3-style-flat vc_btn3-color-blue\" title=\"L\u00c6S MERE\">L\u00c6S MERE<\/a><\/div><\/div><\/div><\/div><\/div><\/div><\/div><div class=\"vc_clearfix\"><\/div><\/div><\/div><\/div>\n\t<\/div>\n<\/div>\n<div class=\"vc_grid-container-wrapper vc_clearfix vc_grid-animation-fadeIn\">\n\t<div class=\"vc_grid-container vc_clearfix wpb_content_element vc_basic_grid vc_custom_1655821430096 left-column-bottom\" data-initial-loading-animation=\"fadeIn\" data-vc-grid-settings=\"{&quot;page_id&quot;:229,&quot;style&quot;:&quot;all&quot;,&quot;action&quot;:&quot;vc_get_vc_grid_data&quot;,&quot;shortcode_id&quot;:&quot;1655821349941-9384f37f-11d6-9&quot;,&quot;tag&quot;:&quot;vc_basic_grid&quot;}\" data-vc-request=\"https:\/\/brixiustrading.168-63-79-147.plesk.page\/wp-admin\/admin-ajax.php\" data-vc-post-id=\"229\" data-vc-public-nonce=\"4bca303c0c\">\n\t\t<div class=\"vc_grid vc_row vc_grid-gutter-30px vc_pageable-wrapper vc_hook_hover\" data-vc-pageable-content=\"true\"><div class=\"vc_pageable-slide-wrapper vc_clearfix\" data-vc-grid-content=\"true\"><div class=\"vc_grid-item vc_clearfix vc_col-sm-12\"><div class=\"vc_grid-item-mini vc_clearfix \"><div class=\"vc_gitem-animated-block  vc_gitem-animate vc_gitem-animate-goTop20\"  data-vc-animation=\"goTop20\"><div class=\"vc_gitem-zone vc_gitem-zone-a vc_gitem-is-link\" style=\"background-image: url('https:\/\/liton99.sirv.com\/WP_brixiustrading.168-63-79-147.plesk.page\/2022\/02\/block-3.png') !important;\"><a href=\"https:\/\/brixiustrading.168-63-79-147.plesk.page\/?kategori=landbrugsdaek\" title=\"LANDBRUGSD\u00c6K\" class=\"vc_gitem-link vc-zone-link\" ><\/a><img decoding=\"async\" src=\"https:\/\/liton99.sirv.com\/WP_brixiustrading.168-63-79-147.plesk.page\/2022\/02\/block-3.png\" class=\"vc_gitem-zone-img\" alt=\"Vi har d\u00e6k til alle slags k\u00f8ret\u00f8jer i industrien. Uanset om det er til lastvogne, kraner, trailere, trucks eller andre.\"><div class=\"vc_gitem-zone-mini\"><\/div><\/div><div class=\"vc_gitem-zone vc_gitem-zone-b vc-gitem-zone-height-mode-auto vc_gitem-is-link\"><a href=\"https:\/\/brixiustrading.168-63-79-147.plesk.page\/?kategori=landbrugsdaek\" title=\"LANDBRUGSD\u00c6K\" class=\"vc_gitem-link vc-zone-link\" ><\/a><div class=\"vc_gitem-zone-mini\"><div class=\"vc_gitem_row vc_row vc_gitem-row-position-bottom\"><div class=\"vc_col-sm-12 assortment-content vc_gitem-col vc_gitem-col-align-\"><div class=\"vc_custom_heading vc_gitem-post-data vc_gitem-post-data-source-post_title\" ><h2 style=\"font-size: 20px;color: #ffffff;line-height: 30px;;text-align: center\" ><a href=\"https:\/\/brixiustrading.168-63-79-147.plesk.page\/?kategori=landbrugsdaek\" class=\"vc_gitem-link\" title=\"LANDBRUGSD\u00c6K\">LANDBRUGSD\u00c6K<\/a><\/h2><\/div><div class=\"vc_custom_heading vc_gitem-post-data vc_gitem-post-data-source-post_excerpt\" ><p style=\"text-align: center\" ><p>Vi har d\u00e6k til alle slags k\u00f8ret\u00f8jer i industrien. Uanset om det er til lastvogne, kraner, trailere, trucks eller andre.<\/p>\n<\/p><\/div><div class=\"vc_btn3-container vc_btn3-center\"><a class=\"vc_general vc_btn3 vc_btn3-size-md vc_btn3-shape-rounded vc_btn3-style-flat vc_btn3-color-blue\" a href=\"https:\/\/brixiustrading.168-63-79-147.plesk.page\/?kategori=landbrugsdaek\" class=\"vc_gitem-link vc_general vc_btn3 vc_general vc_btn3 vc_btn3-size-md vc_btn3-shape-rounded vc_btn3-style-flat vc_btn3-color-blue\" title=\"L\u00c6S MERE\">L\u00c6S MERE<\/a><\/div><\/div><\/div><\/div><\/div><\/div><\/div><div class=\"vc_clearfix\"><\/div><\/div><\/div><\/div>\n\t<\/div>\n<\/div><\/div><\/div><\/div><div class=\"wpb_column vc_column_container vc_col-sm-4\"><div class=\"vc_column-inner\"><div class=\"wpb_wrapper\">\n<div class=\"vc_grid-container-wrapper vc_clearfix vc_grid-animation-fadeIn\">\n\t<div class=\"vc_grid-container vc_clearfix wpb_content_element vc_basic_grid vc_custom_1655821405592\" data-initial-loading-animation=\"fadeIn\" data-vc-grid-settings=\"{&quot;page_id&quot;:229,&quot;style&quot;:&quot;all&quot;,&quot;action&quot;:&quot;vc_get_vc_grid_data&quot;,&quot;shortcode_id&quot;:&quot;1655821349942-87e15fe5-7350-3&quot;,&quot;tag&quot;:&quot;vc_basic_grid&quot;}\" data-vc-request=\"https:\/\/brixiustrading.168-63-79-147.plesk.page\/wp-admin\/admin-ajax.php\" data-vc-post-id=\"229\" data-vc-public-nonce=\"4bca303c0c\">\n\t\t<div class=\"vc_grid vc_row vc_grid-gutter-30px vc_pageable-wrapper vc_hook_hover\" data-vc-pageable-content=\"true\"><div class=\"vc_pageable-slide-wrapper vc_clearfix\" data-vc-grid-content=\"true\"><div class=\"vc_grid-item vc_clearfix vc_col-sm-12\"><div class=\"vc_grid-item-mini vc_clearfix \"><div class=\"vc_gitem-animated-block  vc_gitem-animate vc_gitem-animate-goTop20\"  data-vc-animation=\"goTop20\"><div class=\"vc_gitem-zone vc_gitem-zone-a vc_gitem-is-link\" style=\"background-image: url('https:\/\/liton99.sirv.com\/WP_brixiustrading.168-63-79-147.plesk.page\/2022\/02\/block-4.png') !important;\"><a href=\"https:\/\/brixiustrading.168-63-79-147.plesk.page\/?kategori=industridaek\" title=\"INDUSTRID\u00c6K\" class=\"vc_gitem-link vc-zone-link\" ><\/a><img decoding=\"async\" src=\"https:\/\/liton99.sirv.com\/WP_brixiustrading.168-63-79-147.plesk.page\/2022\/02\/block-4.png\" class=\"vc_gitem-zone-img\" alt=\"Vi har d\u00e6k til alle slags k\u00f8ret\u00f8jer i industrien. Uanset om det er til lastvogne, kraner, trailere, trucks eller andre.\"><div class=\"vc_gitem-zone-mini\"><\/div><\/div><div class=\"vc_gitem-zone vc_gitem-zone-b vc-gitem-zone-height-mode-auto vc_gitem-is-link\"><a href=\"https:\/\/brixiustrading.168-63-79-147.plesk.page\/?kategori=industridaek\" title=\"INDUSTRID\u00c6K\" class=\"vc_gitem-link vc-zone-link\" ><\/a><div class=\"vc_gitem-zone-mini\"><div class=\"vc_gitem_row vc_row vc_gitem-row-position-bottom\"><div class=\"vc_col-sm-12 assortment-content vc_gitem-col vc_gitem-col-align-\"><div class=\"vc_custom_heading vc_gitem-post-data vc_gitem-post-data-source-post_title\" ><h2 style=\"font-size: 20px;color: #ffffff;line-height: 30px;;text-align: center\" ><a href=\"https:\/\/brixiustrading.168-63-79-147.plesk.page\/?kategori=industridaek\" class=\"vc_gitem-link\" title=\"INDUSTRID\u00c6K\">INDUSTRID\u00c6K<\/a><\/h2><\/div><div class=\"vc_custom_heading vc_gitem-post-data vc_gitem-post-data-source-post_excerpt\" ><p style=\"text-align: center\" ><p>Vi har d\u00e6k til alle slags k\u00f8ret\u00f8jer i industrien. Uanset om det er til lastvogne, kraner, trailere, trucks eller andre.<\/p>\n<\/p><\/div><div class=\"vc_btn3-container vc_btn3-center\"><a class=\"vc_general vc_btn3 vc_btn3-size-md vc_btn3-shape-rounded vc_btn3-style-flat vc_btn3-color-blue\" a href=\"https:\/\/brixiustrading.168-63-79-147.plesk.page\/?kategori=industridaek\" class=\"vc_gitem-link vc_general vc_btn3 vc_general vc_btn3 vc_btn3-size-md vc_btn3-shape-rounded vc_btn3-style-flat vc_btn3-color-blue\" title=\"L\u00c6S MERE\">L\u00c6S MERE<\/a><\/div><\/div><\/div><\/div><\/div><\/div><\/div><div class=\"vc_clearfix\"><\/div><\/div><\/div><\/div>\n\t<\/div>\n<\/div><\/div><\/div><\/div><\/div><div class=\"vc_row wpb_row vc_inner vc_row-fluid max-container missionary-grid-custom\"><div class=\"wpb_column vc_column_container vc_col-sm-12\"><div class=\"vc_column-inner\"><div class=\"wpb_wrapper\">\n<div class=\"vc_grid-container-wrapper vc_clearfix vc_grid-animation-fadeIn\">\n\t<div class=\"vc_grid-container vc_clearfix wpb_content_element vc_basic_grid vc_custom_1655821463231 equal-2column-grid\" data-initial-loading-animation=\"fadeIn\" data-vc-grid-settings=\"{&quot;page_id&quot;:229,&quot;style&quot;:&quot;all&quot;,&quot;action&quot;:&quot;vc_get_vc_grid_data&quot;,&quot;shortcode_id&quot;:&quot;1655821349943-f027c232-c5bc-6&quot;,&quot;tag&quot;:&quot;vc_basic_grid&quot;}\" data-vc-request=\"https:\/\/brixiustrading.168-63-79-147.plesk.page\/wp-admin\/admin-ajax.php\" data-vc-post-id=\"229\" data-vc-public-nonce=\"4bca303c0c\">\n\t\t<div class=\"vc_grid vc_row vc_grid-gutter-30px vc_pageable-wrapper vc_hook_hover\" data-vc-pageable-content=\"true\"><div class=\"vc_pageable-slide-wrapper vc_clearfix\" data-vc-grid-content=\"true\"><div class=\"vc_grid-item vc_clearfix vc_col-sm-6\"><div class=\"vc_grid-item-mini vc_clearfix \"><div class=\"vc_gitem-animated-block  vc_gitem-animate vc_gitem-animate-goTop20\"  data-vc-animation=\"goTop20\"><div class=\"vc_gitem-zone vc_gitem-zone-a vc_gitem-is-link\" style=\"background-image: url('https:\/\/liton99.sirv.com\/WP_brixiustrading.168-63-79-147.plesk.page\/2022\/02\/block-5.png') !important;\"><a href=\"https:\/\/brixiustrading.168-63-79-147.plesk.page\/?kategori=atv-daek\" title=\"ATV D\u00c6K\" class=\"vc_gitem-link vc-zone-link\" ><\/a><img decoding=\"async\" src=\"https:\/\/liton99.sirv.com\/WP_brixiustrading.168-63-79-147.plesk.page\/2022\/02\/block-5.png\" class=\"vc_gitem-zone-img\" alt=\"Uanset hvilket terr\u00e6n, du foretr\u00e6kker at k\u00f8re p\u00e5, har vi de perfekte d\u00e6k til dig og din ATV.\"><div class=\"vc_gitem-zone-mini\"><\/div><\/div><div class=\"vc_gitem-zone vc_gitem-zone-b vc-gitem-zone-height-mode-auto vc_gitem-is-link\"><a href=\"https:\/\/brixiustrading.168-63-79-147.plesk.page\/?kategori=atv-daek\" title=\"ATV D\u00c6K\" class=\"vc_gitem-link vc-zone-link\" ><\/a><div class=\"vc_gitem-zone-mini\"><div class=\"vc_gitem_row vc_row vc_gitem-row-position-bottom\"><div class=\"vc_col-sm-12 assortment-content vc_gitem-col vc_gitem-col-align-\"><div class=\"vc_custom_heading vc_gitem-post-data vc_gitem-post-data-source-post_title\" ><h2 style=\"font-size: 20px;color: #ffffff;line-height: 30px;;text-align: center\" ><a href=\"https:\/\/brixiustrading.168-63-79-147.plesk.page\/?kategori=atv-daek\" class=\"vc_gitem-link\" title=\"ATV D\u00c6K\">ATV D\u00c6K<\/a><\/h2><\/div><div class=\"vc_custom_heading vc_gitem-post-data vc_gitem-post-data-source-post_excerpt\" ><p style=\"text-align: center\" ><p>Uanset hvilket terr\u00e6n, du foretr\u00e6kker at k\u00f8re p\u00e5, har vi de perfekte d\u00e6k til dig og din ATV. <\/p>\n<\/p><\/div><div class=\"vc_btn3-container vc_btn3-center\"><a class=\"vc_general vc_btn3 vc_btn3-size-md vc_btn3-shape-rounded vc_btn3-style-flat vc_btn3-color-blue\" a href=\"https:\/\/brixiustrading.168-63-79-147.plesk.page\/?kategori=atv-daek\" class=\"vc_gitem-link vc_general vc_btn3 vc_general vc_btn3 vc_btn3-size-md vc_btn3-shape-rounded vc_btn3-style-flat vc_btn3-color-blue\" title=\"L\u00c6S MERE\">L\u00c6S MERE<\/a><\/div><\/div><\/div><\/div><\/div><\/div><\/div><div class=\"vc_clearfix\"><\/div><\/div><div class=\"vc_grid-item vc_clearfix vc_col-sm-6\"><div class=\"vc_grid-item-mini vc_clearfix \"><div class=\"vc_gitem-animated-block  vc_gitem-animate vc_gitem-animate-goTop20\"  data-vc-animation=\"goTop20\"><div class=\"vc_gitem-zone vc_gitem-zone-a vc_gitem-is-link\" style=\"background-image: url('https:\/\/liton99.sirv.com\/WP_brixiustrading.168-63-79-147.plesk.page\/2022\/02\/block-6.png') !important;\"><a href=\"https:\/\/brixiustrading.168-63-79-147.plesk.page\/?kategori=trailerdaek\" title=\"TRAILERD\u00c6K\" class=\"vc_gitem-link vc-zone-link\" ><\/a><img decoding=\"async\" src=\"https:\/\/liton99.sirv.com\/WP_brixiustrading.168-63-79-147.plesk.page\/2022\/02\/block-6.png\" class=\"vc_gitem-zone-img\" alt=\"Uanset hvilken type trailer du har, har vi de perfekte d\u00e6k til netop dig og din trailer.\"><div class=\"vc_gitem-zone-mini\"><\/div><\/div><div class=\"vc_gitem-zone vc_gitem-zone-b vc-gitem-zone-height-mode-auto vc_gitem-is-link\"><a href=\"https:\/\/brixiustrading.168-63-79-147.plesk.page\/?kategori=trailerdaek\" title=\"TRAILERD\u00c6K\" class=\"vc_gitem-link vc-zone-link\" ><\/a><div class=\"vc_gitem-zone-mini\"><div class=\"vc_gitem_row vc_row vc_gitem-row-position-bottom\"><div class=\"vc_col-sm-12 assortment-content vc_gitem-col vc_gitem-col-align-\"><div class=\"vc_custom_heading vc_gitem-post-data vc_gitem-post-data-source-post_title\" ><h2 style=\"font-size: 20px;color: #ffffff;line-height: 30px;;text-align: center\" ><a href=\"https:\/\/brixiustrading.168-63-79-147.plesk.page\/?kategori=trailerdaek\" class=\"vc_gitem-link\" title=\"TRAILERD\u00c6K\">TRAILERD\u00c6K<\/a><\/h2><\/div><div class=\"vc_custom_heading vc_gitem-post-data vc_gitem-post-data-source-post_excerpt\" ><p style=\"text-align: center\" ><p>Uanset hvilken type trailer du har, har vi de perfekte d\u00e6k til netop dig og din trailer. <\/p>\n<\/p><\/div><div class=\"vc_btn3-container vc_btn3-center\"><a class=\"vc_general vc_btn3 vc_btn3-size-md vc_btn3-shape-rounded vc_btn3-style-flat vc_btn3-color-blue\" a href=\"https:\/\/brixiustrading.168-63-79-147.plesk.page\/?kategori=trailerdaek\" class=\"vc_gitem-link vc_general vc_btn3 vc_general vc_btn3 vc_btn3-size-md vc_btn3-shape-rounded vc_btn3-style-flat vc_btn3-color-blue\" title=\"L\u00c6S MERE\">L\u00c6S MERE<\/a><\/div><\/div><\/div><\/div><\/div><\/div><\/div><div class=\"vc_clearfix\"><\/div><\/div><\/div><\/div>\n\t<\/div>\n<\/div><\/div><\/div><\/div><\/div><\/div><\/div><\/div><\/div><div class=\"vc_row-full-width vc_clearfix\"><\/div>\n"},"excerpt":{"rendered":"<p>[vc_row full_width=&#8221;stretch_row_content&#8221; el_class=&#8221;product-category-grid&#8221; css=&#8221;.vc_custom_1645524571777{padding-top: 50px !important;padding-bottom: 50px !important;}&#8221;][vc_column][vc_row_inner equal_height=&#8221;yes&#8221; content_placement=&#8221;middle&#8221; el_class=&#8221;max-container&#8221;][vc_column_inner][vc_custom_heading source=&#8221;post_title&#8221; font_container=&#8221;tag:h1|font_size:35px|text_align:left|line_height:40px&#8221; use_theme_fonts=&#8221;yes&#8221;][vc_column_text]Vi har et bredt udvalg af d\u00e6k til landbrug, industri og have. G\u00e5<span class=\"excerpt-hellip\"> [\u2026]<\/span><\/p>\n","protected":false},"author":1,"featured_media":0,"parent":0,"menu_order":0,"comment_status":"closed","ping_status":"closed","template":"","meta":{"_acf_changed":false,"footnotes":""},"class_list":["post-229","page","type-page","status-publish","hentry"],"acf":[],"aioseo_notices":[],"_links":{"self":[{"href":"https:\/\/brixiustrading.168-63-79-147.plesk.page\/index.php?rest_route=\/wp\/v2\/pages\/229","targetHints":{"allow":["GET"]}}],"collection":[{"href":"https:\/\/brixiustrading.168-63-79-147.plesk.page\/index.php?rest_route=\/wp\/v2\/pages"}],"about":[{"href":"https:\/\/brixiustrading.168-63-79-147.plesk.page\/index.php?rest_route=\/wp\/v2\/types\/page"}],"author":[{"embeddable":true,"href":"https:\/\/brixiustrading.168-63-79-147.plesk.page\/index.php?rest_route=\/wp\/v2\/users\/1"}],"replies":[{"embeddable":true,"href":"https:\/\/brixiustrading.168-63-79-147.plesk.page\/index.php?rest_route=%2Fwp%2Fv2%2Fcomments&post=229"}],"version-history":[{"count":0,"href":"https:\/\/brixiustrading.168-63-79-147.plesk.page\/index.php?rest_route=\/wp\/v2\/pages\/229\/revisions"}],"wp:attachment":[{"href":"https:\/\/brixiustrading.168-63-79-147.plesk.page\/index.php?rest_route=%2Fwp%2Fv2%2Fmedia&parent=229"}],"curies":[{"name":"wp","href":"https:\/\/api.w.org\/{rel}","templated":true}]}}