{"id":245,"date":"2022-02-22T12:17:40","date_gmt":"2022-02-22T12:17:40","guid":{"rendered":"https:\/\/brixiustrading.168-63-79-147.plesk.page\/?page_id=245"},"modified":"2023-06-12T08:18:55","modified_gmt":"2023-06-12T06:18:55","slug":"prislister","status":"publish","type":"page","link":"https:\/\/brixiustrading.168-63-79-147.plesk.page\/?page_id=245","title":{"rendered":"PRISLISTER"},"content":{"rendered":"<div data-vc-full-width=\"true\" data-vc-full-width-init=\"false\" data-vc-stretch-content=\"true\" class=\"vc_row wpb_row vc_row-fluid vc_row-no-padding\"><div class=\"wpb_column vc_column_container vc_col-sm-12\"><div class=\"vc_column-inner\"><div class=\"wpb_wrapper\">\n\t<div  class=\"wpb_single_image wpb_content_element vc_align_left  vc_custom_1647953149732  fullwidth-image\">\n\t\t\n\t\t<figure class=\"wpb_wrapper vc_figure\">\n\t\t\t<div class=\"vc_single_image-wrapper   vc_box_border_grey\"><img loading=\"lazy\" decoding=\"async\" width=\"1920\" height=\"344\" src=\"https:\/\/liton99.sirv.com\/WP_brixiustrading.168-63-79-147.plesk.page\/2022\/03\/topbanner-daekmoenster.jpg\" class=\"vc_single_image-img attachment-full\" alt=\"D\u00e6kt\u00e5rn\" title=\"topbanner-daekmoenster\" \/><\/div>\n\t\t<\/figure>\n\t<\/div>\n<\/div><\/div><\/div><\/div><div class=\"vc_row-full-width vc_clearfix\"><\/div><div class=\"vc_row wpb_row vc_row-fluid vc_custom_1645527275363 vc_row-has-fill\"><div class=\"wpb_column vc_column_container vc_col-sm-12\"><div class=\"vc_column-inner\"><div class=\"wpb_wrapper\"><div class=\"vc_row wpb_row vc_inner vc_row-fluid nagtive-margin vc_custom_1645527094238 vc_row-has-fill vc_column-gap-35 vc_row-o-equal-height vc_row-o-content-middle vc_row-flex\"><div class=\"wpb_column vc_column_container vc_col-sm-6\"><div class=\"vc_column-inner vc_custom_1645527152734\"><div class=\"wpb_wrapper\">\n\t<div  class=\"wpb_single_image wpb_content_element vc_align_left  vc_custom_1686309582397\">\n\t\t\n\t\t<figure class=\"wpb_wrapper vc_figure\">\n\t\t\t<div class=\"vc_single_image-wrapper   vc_box_border_grey\"><img loading=\"lazy\" decoding=\"async\" width=\"1200\" height=\"937\" src=\"https:\/\/liton99.sirv.com\/WP_brixiustrading.168-63-79-147.plesk.page\/2023\/06\/samlet-12-juni-2023.png\" class=\"vc_single_image-img attachment-full\" alt=\"R\u00f8d, Bl\u00e5 og gr\u00f8n prisliste 2023\" title=\"samlet-12-juni-2023\" srcset=\"https:\/\/liton99.sirv.com\/WP_brixiustrading.168-63-79-147.plesk.page\/2023\/06\/samlet-12-juni-2023.png 1200w, https:\/\/liton99.sirv.com\/WP_brixiustrading.168-63-79-147.plesk.page\/2023\/06\/samlet-12-juni-2023.png?w=300&amp;h=234&amp;scale.option=fill&amp;cw=300&amp;ch=234&amp;cx=center&amp;cy=center 300w, https:\/\/liton99.sirv.com\/WP_brixiustrading.168-63-79-147.plesk.page\/2023\/06\/samlet-12-juni-2023.png?w=1024&amp;h=800&amp;scale.option=fill&amp;cw=1024&amp;ch=800&amp;cx=center&amp;cy=center 1024w, https:\/\/liton99.sirv.com\/WP_brixiustrading.168-63-79-147.plesk.page\/2023\/06\/samlet-12-juni-2023.png?w=768&amp;h=600&amp;scale.option=fill&amp;cw=768&amp;ch=600&amp;cx=center&amp;cy=center 768w, https:\/\/liton99.sirv.com\/WP_brixiustrading.168-63-79-147.plesk.page\/2023\/06\/samlet-12-juni-2023.png?w=187&amp;h=146&amp;scale.option=fill&amp;cw=187&amp;ch=146&amp;cx=center&amp;cy=center 187w, https:\/\/liton99.sirv.com\/WP_brixiustrading.168-63-79-147.plesk.page\/2023\/06\/samlet-12-juni-2023.png?w=50&amp;h=39&amp;scale.option=fill&amp;cw=50&amp;ch=39&amp;cx=center&amp;cy=center 50w, https:\/\/liton99.sirv.com\/WP_brixiustrading.168-63-79-147.plesk.page\/2023\/06\/samlet-12-juni-2023.png?w=96&amp;h=75&amp;scale.option=fill&amp;cw=96&amp;ch=75&amp;cx=center&amp;cy=center 96w, https:\/\/liton99.sirv.com\/WP_brixiustrading.168-63-79-147.plesk.page\/2023\/06\/samlet-12-juni-2023.png?w=600&amp;h=469&amp;scale.option=fill&amp;cw=600&amp;ch=469&amp;cx=center&amp;cy=center 600w, https:\/\/liton99.sirv.com\/WP_brixiustrading.168-63-79-147.plesk.page\/2023\/06\/samlet-12-juni-2023.png?w=64&amp;h=50&amp;scale.option=fill&amp;cw=64&amp;ch=50&amp;cx=center&amp;cy=center 64w\" sizes=\"auto, (max-width: 1200px) 100vw, 1200px\" \/><\/div>\n\t\t<\/figure>\n\t<\/div>\n<\/div><\/div><\/div><div class=\"wpb_column vc_column_container vc_col-sm-6\"><div class=\"vc_column-inner vc_custom_1645527159291\"><div class=\"wpb_wrapper\"><h1 style=\"font-size: 35px;line-height: 40px;text-align: left\" class=\"vc_custom_heading\" >PRISLISTER<\/h1><section class=\"vc_cta3-container\"><div class=\"vc_general vc_cta3 light-bg-call-to-action vc_cta3-style-custom vc_cta3-shape-rounded vc_cta3-align-left vc_cta3-icon-size-md vc_cta3-actions-bottom\" style=\"background-color:#ffffff;\"><div class=\"vc_cta3_content-container\"><div class=\"vc_cta3-content\"><header class=\"vc_cta3-content-header\"><\/header><p>Hold dig opdateret p\u00e5 vores nuv\u00e6rende priser med vores prislister. De opdateres l\u00f8bende inde for b\u00e5de bl\u00e5, r\u00f8d og gr\u00f8n kategori.<\/p>\n<p>Nye prislister den 12. juni 2023<\/p>\n<\/div><div class=\"vc_cta3-actions\"><div class=\"vc_btn3-container  light-bg-call-to-action vc_btn3-inline\" ><a class=\"vc_general vc_btn3 vc_btn3-size-md vc_btn3-shape-rounded vc_btn3-style-flat vc_btn3-color-blue\" href=\"#prislister\" title=\"\">SE PRISLISTER<\/a><\/div><\/div><\/div><\/div><\/section><\/div><\/div><\/div><\/div><\/div><\/div><\/div><\/div><div id=\"prislister\" data-vc-full-width=\"true\" data-vc-full-width-init=\"false\" class=\"vc_row wpb_row vc_row-fluid vc_custom_1646812797372 vc_row-has-fill\"><div class=\"wpb_column vc_column_container vc_col-sm-12\"><div class=\"vc_column-inner\"><div class=\"wpb_wrapper\"><div class=\"vc_row wpb_row vc_inner vc_row-fluid\"><div class=\"wpb_column vc_column_container vc_col-sm-4\"><div class=\"vc_column-inner\"><div class=\"wpb_wrapper\">\n\t<div  class=\"wpb_single_image wpb_content_element vc_align_left  vc_custom_1686550599149\">\n\t\t\n\t\t<figure class=\"wpb_wrapper vc_figure\">\n\t\t\t<div class=\"vc_single_image-wrapper   vc_box_border_grey\"><img loading=\"lazy\" decoding=\"async\" width=\"431\" height=\"415\" src=\"https:\/\/liton99.sirv.com\/WP_brixiustrading.168-63-79-147.plesk.page\/2023\/06\/bla-prisliste-nr40.png\" class=\"vc_single_image-img attachment-full\" alt=\"\" title=\"bla-prisliste-nr40\" srcset=\"https:\/\/liton99.sirv.com\/WP_brixiustrading.168-63-79-147.plesk.page\/2023\/06\/bla-prisliste-nr40.png 431w, https:\/\/liton99.sirv.com\/WP_brixiustrading.168-63-79-147.plesk.page\/2023\/06\/bla-prisliste-nr40.png?w=300&amp;h=289&amp;scale.option=fill&amp;cw=300&amp;ch=289&amp;cx=center&amp;cy=center 300w, https:\/\/liton99.sirv.com\/WP_brixiustrading.168-63-79-147.plesk.page\/2023\/06\/bla-prisliste-nr40.png?w=152&amp;h=146&amp;scale.option=fill&amp;cw=152&amp;ch=146&amp;cx=center&amp;cy=center 152w, https:\/\/liton99.sirv.com\/WP_brixiustrading.168-63-79-147.plesk.page\/2023\/06\/bla-prisliste-nr40.png?w=50&amp;h=48&amp;scale.option=fill&amp;cw=50&amp;ch=48&amp;cx=center&amp;cy=center 50w, https:\/\/liton99.sirv.com\/WP_brixiustrading.168-63-79-147.plesk.page\/2023\/06\/bla-prisliste-nr40.png?w=78&amp;h=75&amp;scale.option=fill&amp;cw=78&amp;ch=75&amp;cx=center&amp;cy=center 78w, https:\/\/liton99.sirv.com\/WP_brixiustrading.168-63-79-147.plesk.page\/2023\/06\/bla-prisliste-nr40.png?w=64&amp;h=62&amp;scale.option=fill&amp;cw=64&amp;ch=62&amp;cx=center&amp;cy=center 64w\" sizes=\"auto, (max-width: 431px) 100vw, 431px\" \/><\/div>\n\t\t<\/figure>\n\t<\/div>\n<h3 style=\"font-size: 17px;line-height: 25px;text-align: left\" class=\"vc_custom_heading\" >D\u00c6K &amp; SLANGER: INDUSTRI, HAVE OG LANDBRUG<\/h3><section class=\"vc_cta3-container\"><div class=\"vc_general vc_cta3 light-bg-call-to-action vc_cta3-style-classic vc_cta3-shape-rounded vc_cta3-align-left vc_cta3-color-classic vc_cta3-icon-size-md vc_cta3-actions-bottom\"><div class=\"vc_cta3_content-container\"><div class=\"vc_cta3-content\"><header class=\"vc_cta3-content-header\"><\/header><p>G\u00e6ldende fra 12. juni 2023<\/p>\n<\/div><div class=\"vc_cta3-actions\"><div class=\"vc_btn3-container vc_btn3-inline\" ><a class=\"vc_general vc_btn3 vc_btn3-size-md vc_btn3-shape-rounded vc_btn3-style-flat vc_btn3-color-blue\" href=\"https:\/\/brixiustrading.168-63-79-147.plesk.page\/wp-content\/uploads\/2023\/06\/blaaprisliste-nr40-2023-web.pdf\" title=\"\" target=\"_blank\">DOWNLOAD PDF<\/a><\/div><\/div><\/div><\/div><\/section>\n\t<div class=\"wpb_text_column wpb_content_element  price-list-small-text\" >\n\t\t<div class=\"wpb_wrapper\">\n\t\t\t<p><strong>EN:<\/strong> Tires &amp; tubes:<br \/>\nIndustrial, agricultural and garden<\/p>\n<p><strong>DE:<\/strong> Reifen &amp; schlache:<br \/>\nTransportger\u00e4de, landmaschen und garten<\/p>\n\n\t\t<\/div>\n\t<\/div>\n<\/div><\/div><\/div><div class=\"wpb_column vc_column_container vc_col-sm-4\"><div class=\"vc_column-inner\"><div class=\"wpb_wrapper\">\n\t<div  class=\"wpb_single_image wpb_content_element vc_align_left  vc_custom_1686550610988\">\n\t\t\n\t\t<figure class=\"wpb_wrapper vc_figure\">\n\t\t\t<div class=\"vc_single_image-wrapper   vc_box_border_grey\"><img loading=\"lazy\" decoding=\"async\" width=\"431\" height=\"415\" src=\"https:\/\/liton99.sirv.com\/WP_brixiustrading.168-63-79-147.plesk.page\/2023\/06\/roed-prisliste-nr21.png\" class=\"vc_single_image-img attachment-full\" alt=\"\" title=\"roed-prisliste-nr21\" srcset=\"https:\/\/liton99.sirv.com\/WP_brixiustrading.168-63-79-147.plesk.page\/2023\/06\/roed-prisliste-nr21.png 431w, https:\/\/liton99.sirv.com\/WP_brixiustrading.168-63-79-147.plesk.page\/2023\/06\/roed-prisliste-nr21.png?w=300&amp;h=289&amp;scale.option=fill&amp;cw=300&amp;ch=289&amp;cx=center&amp;cy=center 300w, https:\/\/liton99.sirv.com\/WP_brixiustrading.168-63-79-147.plesk.page\/2023\/06\/roed-prisliste-nr21.png?w=152&amp;h=146&amp;scale.option=fill&amp;cw=152&amp;ch=146&amp;cx=center&amp;cy=center 152w, https:\/\/liton99.sirv.com\/WP_brixiustrading.168-63-79-147.plesk.page\/2023\/06\/roed-prisliste-nr21.png?w=50&amp;h=48&amp;scale.option=fill&amp;cw=50&amp;ch=48&amp;cx=center&amp;cy=center 50w, https:\/\/liton99.sirv.com\/WP_brixiustrading.168-63-79-147.plesk.page\/2023\/06\/roed-prisliste-nr21.png?w=78&amp;h=75&amp;scale.option=fill&amp;cw=78&amp;ch=75&amp;cx=center&amp;cy=center 78w, https:\/\/liton99.sirv.com\/WP_brixiustrading.168-63-79-147.plesk.page\/2023\/06\/roed-prisliste-nr21.png?w=64&amp;h=62&amp;scale.option=fill&amp;cw=64&amp;ch=62&amp;cx=center&amp;cy=center 64w\" sizes=\"auto, (max-width: 431px) 100vw, 431px\" \/><\/div>\n\t\t<\/figure>\n\t<\/div>\n<h3 style=\"font-size: 17px;line-height: 25px;text-align: left\" class=\"vc_custom_heading\" >F\u00c6LGE, HJUL, NAV &amp; AKSLER: INDUSTRI, HAVE OG LANDBRUG<\/h3><section class=\"vc_cta3-container\"><div class=\"vc_general vc_cta3 light-bg-call-to-action vc_cta3-style-classic vc_cta3-shape-rounded vc_cta3-align-left vc_cta3-color-classic vc_cta3-icon-size-md vc_cta3-actions-bottom\"><div class=\"vc_cta3_content-container\"><div class=\"vc_cta3-content\"><header class=\"vc_cta3-content-header\"><\/header><p>G\u00e6ldende fra 12. juni 2023<\/p>\n<\/div><div class=\"vc_cta3-actions\"><div class=\"vc_btn3-container vc_btn3-inline\" ><a class=\"vc_general vc_btn3 vc_btn3-size-md vc_btn3-shape-rounded vc_btn3-style-flat vc_btn3-color-blue\" href=\"https:\/\/brixiustrading.168-63-79-147.plesk.page\/wp-content\/uploads\/2023\/06\/roed-prisliste-2023-nr21-web.pdf\" title=\"\" target=\"_blank\">DOWNLOAD PDF<\/a><\/div><\/div><\/div><\/div><\/section>\n\t<div class=\"wpb_text_column wpb_content_element  price-list-small-text\" >\n\t\t<div class=\"wpb_wrapper\">\n\t\t\t<p><strong>EN:<\/strong> Rims, wheels, stubaxles and axles:<br \/>\nIndustrial, agricultural and garden<\/p>\n<p><strong>DE:<\/strong> Felgen, r\u00e4der und achsen:<br \/>\nTransportger\u00e4de, landmaschen und garten<\/p>\n\n\t\t<\/div>\n\t<\/div>\n<\/div><\/div><\/div><div class=\"wpb_column vc_column_container vc_col-sm-4\"><div class=\"vc_column-inner\"><div class=\"wpb_wrapper\">\n\t<div  class=\"wpb_single_image wpb_content_element vc_align_left  vc_custom_1686550620657\">\n\t\t\n\t\t<figure class=\"wpb_wrapper vc_figure\">\n\t\t\t<div class=\"vc_single_image-wrapper   vc_box_border_grey\"><img loading=\"lazy\" decoding=\"async\" width=\"431\" height=\"415\" src=\"https:\/\/liton99.sirv.com\/WP_brixiustrading.168-63-79-147.plesk.page\/2023\/06\/groen-prisliste-nr20.png\" class=\"vc_single_image-img attachment-full\" alt=\"\" title=\"groen-prisliste-nr20\" srcset=\"https:\/\/liton99.sirv.com\/WP_brixiustrading.168-63-79-147.plesk.page\/2023\/06\/groen-prisliste-nr20.png 431w, https:\/\/liton99.sirv.com\/WP_brixiustrading.168-63-79-147.plesk.page\/2023\/06\/groen-prisliste-nr20.png?w=300&amp;h=289&amp;scale.option=fill&amp;cw=300&amp;ch=289&amp;cx=center&amp;cy=center 300w, https:\/\/liton99.sirv.com\/WP_brixiustrading.168-63-79-147.plesk.page\/2023\/06\/groen-prisliste-nr20.png?w=152&amp;h=146&amp;scale.option=fill&amp;cw=152&amp;ch=146&amp;cx=center&amp;cy=center 152w, https:\/\/liton99.sirv.com\/WP_brixiustrading.168-63-79-147.plesk.page\/2023\/06\/groen-prisliste-nr20.png?w=50&amp;h=48&amp;scale.option=fill&amp;cw=50&amp;ch=48&amp;cx=center&amp;cy=center 50w, https:\/\/liton99.sirv.com\/WP_brixiustrading.168-63-79-147.plesk.page\/2023\/06\/groen-prisliste-nr20.png?w=78&amp;h=75&amp;scale.option=fill&amp;cw=78&amp;ch=75&amp;cx=center&amp;cy=center 78w, https:\/\/liton99.sirv.com\/WP_brixiustrading.168-63-79-147.plesk.page\/2023\/06\/groen-prisliste-nr20.png?w=64&amp;h=62&amp;scale.option=fill&amp;cw=64&amp;ch=62&amp;cx=center&amp;cy=center 64w\" sizes=\"auto, (max-width: 431px) 100vw, 431px\" \/><\/div>\n\t\t<\/figure>\n\t<\/div>\n<h3 style=\"font-size: 17px;line-height: 25px;text-align: left\" class=\"vc_custom_heading\" >D\u00c6K &amp; SLANGER SCOOTER, KNALLERT, ATV OG MC<\/h3><section class=\"vc_cta3-container\"><div class=\"vc_general vc_cta3 light-bg-call-to-action vc_cta3-style-classic vc_cta3-shape-rounded vc_cta3-align-left vc_cta3-color-classic vc_cta3-icon-size-md vc_cta3-actions-bottom\"><div class=\"vc_cta3_content-container\"><div class=\"vc_cta3-content\"><header class=\"vc_cta3-content-header\"><\/header><p>G\u00e6ldende fra 12. juni 2023<\/p>\n<\/div><div class=\"vc_cta3-actions\"><div class=\"vc_btn3-container vc_btn3-inline\" ><a class=\"vc_general vc_btn3 vc_btn3-size-md vc_btn3-shape-rounded vc_btn3-style-flat vc_btn3-color-blue\" href=\"https:\/\/brixiustrading.168-63-79-147.plesk.page\/wp-content\/uploads\/2023\/06\/Groen-prisliste-2023-nr20-web.pdf\" title=\"\" target=\"_blank\">DOWNLOAD PDF<\/a><\/div><\/div><\/div><\/div><\/section>\n\t<div class=\"wpb_text_column wpb_content_element  price-list-small-text\" >\n\t\t<div class=\"wpb_wrapper\">\n\t\t\t<p><strong>EN:<\/strong> Tires &amp; tubes:<br \/>\nScooter, moped, ATV and MC<\/p>\n<p><strong>DE:<\/strong> Reifen &amp; schlache:<br \/>\nScooter, moped, ATV und MC<\/p>\n\n\t\t<\/div>\n\t<\/div>\n<\/div><\/div><\/div><\/div><\/div><\/div><\/div><\/div><div class=\"vc_row-full-width vc_clearfix\"><\/div><div data-vc-full-width=\"true\" data-vc-full-width-init=\"false\" class=\"vc_row wpb_row vc_row-fluid vc_custom_1645534439417 vc_row-has-fill\"><div class=\"wpb_column vc_column_container vc_col-sm-12\"><div class=\"vc_column-inner\"><div class=\"wpb_wrapper\"><div class=\"vc_row wpb_row vc_inner vc_row-fluid\"><div class=\"wpb_column vc_column_container vc_col-sm-12\"><div class=\"vc_column-inner\"><div class=\"wpb_wrapper\"><section class=\"vc_cta3-container\"><div class=\"vc_general vc_cta3 light-bg-call-to-action color-white vc_cta3-style-classic vc_cta3-shape-rounded vc_cta3-align-center vc_cta3-color-white vc_cta3-icon-size-md vc_cta3-actions-bottom\"><div class=\"vc_cta3_content-container\"><div class=\"vc_cta3-content\"><header class=\"vc_cta3-content-header\"><h2>SALGS- OG HANDELSBETINGELSER<\/h2><\/header><p>Har du sp\u00f8rgsm\u00e5l til produkterne eller til din bestilling, s\u00e5 er<br \/>\ndu velkommen til at kontakte os p\u00e5 +45 86 24 42 55. Klik herunder<br \/>\nfor at l\u00e6se om salgs- og handelsbetingelser<\/p>\n<\/div><div class=\"vc_cta3-actions\"><div class=\"vc_btn3-container vc_btn3-center\" ><a class=\"vc_general vc_btn3 vc_btn3-size-md vc_btn3-shape-rounded vc_btn3-style-flat vc_btn3-color-blue\" href=\"https:\/\/brixiustrading.168-63-79-147.plesk.page\/handelsbetingelser\/\" title=\"Privacy Policy\">SALGS- OG HANDELSBETINGELSER<\/a><\/div><\/div><\/div><\/div><\/section><\/div><\/div><\/div><\/div><\/div><\/div><\/div><\/div><div class=\"vc_row-full-width vc_clearfix\"><\/div>\n"},"excerpt":{"rendered":"<p>[vc_row full_width=&#8221;stretch_row_content_no_spaces&#8221;][vc_column][vc_single_image image=&#8221;4442&#8243; img_size=&#8221;full&#8221; el_class=&#8221;fullwidth-image&#8221; css=&#8221;.vc_custom_1647953149732{margin-bottom: 0px !important;}&#8221;][\/vc_column][\/vc_row][vc_row css=&#8221;.vc_custom_1645527275363{background-color: #ffffff !important;}&#8221;][vc_column][vc_row_inner equal_height=&#8221;yes&#8221; content_placement=&#8221;middle&#8221; gap=&#8221;35&#8243; el_class=&#8221;nagtive-margin&#8221; css=&#8221;.vc_custom_1645527094238{background-color: #ffffff !important;}&#8221;][vc_column_inner width=&#8221;1\/2&#8243; css=&#8221;.vc_custom_1645527152734{padding: 10px !important;}&#8221;][vc_single_image image=&#8221;17555&#8243; img_size=&#8221;full&#8221; css=&#8221;.vc_custom_1686309582397{margin-bottom: 0px<span class=\"excerpt-hellip\"> [\u2026]<\/span><\/p>\n","protected":false},"author":1,"featured_media":0,"parent":0,"menu_order":0,"comment_status":"closed","ping_status":"closed","template":"","meta":{"_acf_changed":false,"footnotes":""},"class_list":["post-245","page","type-page","status-publish","hentry"],"acf":[],"aioseo_notices":[],"_links":{"self":[{"href":"https:\/\/brixiustrading.168-63-79-147.plesk.page\/index.php?rest_route=\/wp\/v2\/pages\/245","targetHints":{"allow":["GET"]}}],"collection":[{"href":"https:\/\/brixiustrading.168-63-79-147.plesk.page\/index.php?rest_route=\/wp\/v2\/pages"}],"about":[{"href":"https:\/\/brixiustrading.168-63-79-147.plesk.page\/index.php?rest_route=\/wp\/v2\/types\/page"}],"author":[{"embeddable":true,"href":"https:\/\/brixiustrading.168-63-79-147.plesk.page\/index.php?rest_route=\/wp\/v2\/users\/1"}],"replies":[{"embeddable":true,"href":"https:\/\/brixiustrading.168-63-79-147.plesk.page\/index.php?rest_route=%2Fwp%2Fv2%2Fcomments&post=245"}],"version-history":[{"count":0,"href":"https:\/\/brixiustrading.168-63-79-147.plesk.page\/index.php?rest_route=\/wp\/v2\/pages\/245\/revisions"}],"wp:attachment":[{"href":"https:\/\/brixiustrading.168-63-79-147.plesk.page\/index.php?rest_route=%2Fwp%2Fv2%2Fmedia&parent=245"}],"curies":[{"name":"wp","href":"https:\/\/api.w.org\/{rel}","templated":true}]}}