{"id":269,"date":"2022-02-22T13:14:20","date_gmt":"2022-02-22T13:14:20","guid":{"rendered":"https:\/\/brixiustrading.168-63-79-147.plesk.page\/?page_id=269"},"modified":"2022-06-27T10:42:10","modified_gmt":"2022-06-27T10:42:10","slug":"om-os","status":"publish","type":"page","link":"https:\/\/brixiustrading.168-63-79-147.plesk.page\/?page_id=269","title":{"rendered":"OM OS"},"content":{"rendered":"<div data-vc-full-width=\"true\" data-vc-full-width-init=\"false\" data-vc-stretch-content=\"true\" class=\"vc_row wpb_row vc_row-fluid vc_row-no-padding\"><div class=\"wpb_column vc_column_container vc_col-sm-12\"><div class=\"vc_column-inner\"><div class=\"wpb_wrapper\">\n\t<div  class=\"wpb_single_image wpb_content_element vc_align_left  vc_custom_1647940230419  fullwidth-image\">\n\t\t\n\t\t<figure class=\"wpb_wrapper vc_figure\">\n\t\t\t<div class=\"vc_single_image-wrapper   vc_box_border_grey\"><img loading=\"lazy\" decoding=\"async\" width=\"1920\" height=\"344\" src=\"https:\/\/liton99.sirv.com\/WP_brixiustrading.168-63-79-147.plesk.page\/2022\/03\/topbanner-daek.jpg\" class=\"vc_single_image-img attachment-full\" alt=\"Closeup af d\u00e6k\" title=\"topbanner-daek\" \/><\/div>\n\t\t<\/figure>\n\t<\/div>\n<\/div><\/div><\/div><\/div><div class=\"vc_row-full-width vc_clearfix\"><\/div><div class=\"vc_row wpb_row vc_row-fluid vc_custom_1645527275363 vc_row-has-fill\"><div class=\"wpb_column vc_column_container vc_col-sm-12\"><div class=\"vc_column-inner\"><div class=\"wpb_wrapper\"><div class=\"vc_row wpb_row vc_inner vc_row-fluid nagtive-margin vc_custom_1645527094238 vc_row-has-fill vc_column-gap-35 vc_row-o-equal-height vc_row-o-content-middle vc_row-flex\"><div class=\"wpb_column vc_column_container vc_col-sm-6\"><div class=\"vc_column-inner vc_custom_1645527152734\"><div class=\"wpb_wrapper\">\n\t<div  class=\"wpb_single_image wpb_content_element vc_align_left  vc_custom_1650871404077\">\n\t\t\n\t\t<figure class=\"wpb_wrapper vc_figure\">\n\t\t\t<div class=\"vc_single_image-wrapper   vc_box_border_grey\"><img loading=\"lazy\" decoding=\"async\" width=\"958\" height=\"922\" src=\"https:\/\/liton99.sirv.com\/WP_brixiustrading.168-63-79-147.plesk.page\/2022\/04\/brixius-tranding-bygning.jpg\" class=\"vc_single_image-img attachment-full\" alt=\"\" title=\"brixius-tranding-bygning\" srcset=\"https:\/\/liton99.sirv.com\/WP_brixiustrading.168-63-79-147.plesk.page\/2022\/04\/brixius-tranding-bygning.jpg 958w, https:\/\/liton99.sirv.com\/WP_brixiustrading.168-63-79-147.plesk.page\/2022\/04\/brixius-tranding-bygning.jpg?w=300&amp;h=289&amp;scale.option=fill&amp;cw=300&amp;ch=289&amp;cx=center&amp;cy=center 300w, https:\/\/liton99.sirv.com\/WP_brixiustrading.168-63-79-147.plesk.page\/2022\/04\/brixius-tranding-bygning.jpg?w=768&amp;h=739&amp;scale.option=fill&amp;cw=768&amp;ch=739&amp;cx=center&amp;cy=center 768w, https:\/\/liton99.sirv.com\/WP_brixiustrading.168-63-79-147.plesk.page\/2022\/04\/brixius-tranding-bygning.jpg?w=152&amp;h=146&amp;scale.option=fill&amp;cw=152&amp;ch=146&amp;cx=center&amp;cy=center 152w, https:\/\/liton99.sirv.com\/WP_brixiustrading.168-63-79-147.plesk.page\/2022\/04\/brixius-tranding-bygning.jpg?w=50&amp;h=48&amp;scale.option=fill&amp;cw=50&amp;ch=48&amp;cx=center&amp;cy=center 50w, https:\/\/liton99.sirv.com\/WP_brixiustrading.168-63-79-147.plesk.page\/2022\/04\/brixius-tranding-bygning.jpg?w=78&amp;h=75&amp;scale.option=fill&amp;cw=78&amp;ch=75&amp;cx=center&amp;cy=center 78w, https:\/\/liton99.sirv.com\/WP_brixiustrading.168-63-79-147.plesk.page\/2022\/04\/brixius-tranding-bygning.jpg?w=600&amp;h=577&amp;scale.option=fill&amp;cw=600&amp;ch=577&amp;cx=center&amp;cy=center 600w\" sizes=\"auto, (max-width: 958px) 100vw, 958px\" \/><\/div>\n\t\t<\/figure>\n\t<\/div>\n<\/div><\/div><\/div><div class=\"wpb_column vc_column_container vc_col-sm-6\"><div class=\"vc_column-inner vc_custom_1645527159291\"><div class=\"wpb_wrapper\"><h1 style=\"font-size: 35px;line-height: 40px;text-align: left\" class=\"vc_custom_heading\" >OM BRIXIUS TRADING A\/S<\/h1><section class=\"vc_cta3-container\"><div class=\"vc_general vc_cta3 light-bg-call-to-action vc_cta3-style-custom vc_cta3-shape-rounded vc_cta3-align-left vc_cta3-icon-size-md\" style=\"background-color:#ffffff;\"><div class=\"vc_cta3_content-container\"><div class=\"vc_cta3-content\"><header class=\"vc_cta3-content-header\"><\/header><p>Brixius Trading er f\u00f8rende forhandler af d\u00e6k fra BKT, DURO, FAD, SECURITY og MAXXIS.<\/p>\n<p>Vi s\u00e6lger til landbrug, industri og have udelukkende business-to-business\u2013 til fx d\u00e6kcentre og maskinfabrikker.<\/p>\n<p>Vi har alt inden for luftgummihjul, d\u00e6k. slanger, nav, f\u00e6lge, aksler, til landbrug, industri og have fra 4\u201d til 30.5\u201d komplette hjul.<\/p>\n<p>Brixius Trading A\/S blev grundlagt i 1986 og har i dag 14 ansatte. Vi har vore bygninger liggende p\u00e5 Logistikparken 16 i Brabrand, hvor vi har 8000 m2 lager.<\/p>\n<p>Vores topprioritet er at give vores kunder den bedste service, og du kan derfor altid kontakte en af vores eksperter, som st\u00e5r klar til at r\u00e5dgive og vejlede dig til det rigtige k\u00f8b.<\/p>\n<\/div><\/div><\/div><\/section><\/div><\/div><\/div><\/div><\/div><\/div><\/div><\/div><div data-vc-full-width=\"true\" data-vc-full-width-init=\"false\" data-vc-stretch-content=\"true\" class=\"vc_row wpb_row vc_row-fluid vc_row-no-padding\"><div data-vc-parallax=\"1.5\" data-vc-parallax-image=\"https:\/\/liton99.sirv.com\/WP_brixiustrading.168-63-79-147.plesk.page\/2022\/03\/lager.jpg\" class=\"wpb_column vc_column_container vc_col-sm-12 vc_col-has-fill vc_general vc_parallax vc_parallax-content-moving\"><div class=\"vc_column-inner\"><div class=\"wpb_wrapper\"><div class=\"vc_empty_space\"   style=\"height: 250px\"><span class=\"vc_empty_space_inner\"><\/span><\/div><\/div><\/div><\/div><\/div><div class=\"vc_row-full-width vc_clearfix\"><\/div>\n"},"excerpt":{"rendered":"<p>[vc_row full_width=&#8221;stretch_row_content_no_spaces&#8221;][vc_column][vc_single_image image=&#8221;4419&#8243; img_size=&#8221;full&#8221; el_class=&#8221;fullwidth-image&#8221; css=&#8221;.vc_custom_1647940230419{margin-bottom: 0px !important;}&#8221;][\/vc_column][\/vc_row][vc_row css=&#8221;.vc_custom_1645527275363{background-color: #ffffff !important;}&#8221;][vc_column][vc_row_inner equal_height=&#8221;yes&#8221; content_placement=&#8221;middle&#8221; gap=&#8221;35&#8243; el_class=&#8221;nagtive-margin&#8221; css=&#8221;.vc_custom_1645527094238{background-color: #ffffff !important;}&#8221;][vc_column_inner width=&#8221;1\/2&#8243; css=&#8221;.vc_custom_1645527152734{padding: 10px !important;}&#8221;][vc_single_image image=&#8221;9295&#8243; img_size=&#8221;full&#8221; css=&#8221;.vc_custom_1650871404077{margin-bottom: 0px<span class=\"excerpt-hellip\"> [\u2026]<\/span><\/p>\n","protected":false},"author":1,"featured_media":0,"parent":0,"menu_order":0,"comment_status":"closed","ping_status":"closed","template":"","meta":{"_acf_changed":false,"footnotes":""},"class_list":["post-269","page","type-page","status-publish","hentry"],"acf":[],"aioseo_notices":[],"_links":{"self":[{"href":"https:\/\/brixiustrading.168-63-79-147.plesk.page\/index.php?rest_route=\/wp\/v2\/pages\/269","targetHints":{"allow":["GET"]}}],"collection":[{"href":"https:\/\/brixiustrading.168-63-79-147.plesk.page\/index.php?rest_route=\/wp\/v2\/pages"}],"about":[{"href":"https:\/\/brixiustrading.168-63-79-147.plesk.page\/index.php?rest_route=\/wp\/v2\/types\/page"}],"author":[{"embeddable":true,"href":"https:\/\/brixiustrading.168-63-79-147.plesk.page\/index.php?rest_route=\/wp\/v2\/users\/1"}],"replies":[{"embeddable":true,"href":"https:\/\/brixiustrading.168-63-79-147.plesk.page\/index.php?rest_route=%2Fwp%2Fv2%2Fcomments&post=269"}],"version-history":[{"count":0,"href":"https:\/\/brixiustrading.168-63-79-147.plesk.page\/index.php?rest_route=\/wp\/v2\/pages\/269\/revisions"}],"wp:attachment":[{"href":"https:\/\/brixiustrading.168-63-79-147.plesk.page\/index.php?rest_route=%2Fwp%2Fv2%2Fmedia&parent=269"}],"curies":[{"name":"wp","href":"https:\/\/api.w.org\/{rel}","templated":true}]}}