{"id":4819,"date":"2024-12-17T16:03:15","date_gmt":"2024-12-17T15:03:15","guid":{"rendered":"https:\/\/brixiustrading.168-63-79-147.plesk.page\/product\/daek-16x1-75-hf-160a-graa\/"},"modified":"2024-12-17T16:03:17","modified_gmt":"2024-12-17T15:03:17","slug":"daek-16x1-75-hf-160a-graa","status":"publish","type":"product","link":"https:\/\/brixiustrading.168-63-79-147.plesk.page\/?product=daek-16x1-75-hf-160a-graa","title":{"rendered":"D\u00e6k 16&#215;1.75 HF-160A Gr\u00e5"},"content":{"rendered":"<p>D\u00e6k 16&#215;1.75 HF-160A Gr\u00e5<\/p>\n","protected":false},"excerpt":{"rendered":"<p>D\u00e6k 16&#215;1.75 HF-160A Gr\u00e5<\/p>\n","protected":false},"featured_media":20944,"template":"","meta":{"_acf_changed":false},"product_brand":[],"product_cat":[52],"product_tag":[88],"class_list":{"0":"post-4819","1":"product","2":"type-product","3":"status-publish","4":"has-post-thumbnail","6":"product_cat-cykeldaek-graa-daek","7":"product_tag-webshop","9":"first","10":"instock","11":"taxable","12":"shipping-taxable","13":"purchasable","14":"product-type-simple"},"acf":[],"aioseo_notices":[],"_links":{"self":[{"href":"https:\/\/brixiustrading.168-63-79-147.plesk.page\/index.php?rest_route=\/wp\/v2\/product\/4819","targetHints":{"allow":["GET"]}}],"collection":[{"href":"https:\/\/brixiustrading.168-63-79-147.plesk.page\/index.php?rest_route=\/wp\/v2\/product"}],"about":[{"href":"https:\/\/brixiustrading.168-63-79-147.plesk.page\/index.php?rest_route=\/wp\/v2\/types\/product"}],"wp:featuredmedia":[{"embeddable":true,"href":"https:\/\/brixiustrading.168-63-79-147.plesk.page\/index.php?rest_route=\/wp\/v2\/media\/20944"}],"wp:attachment":[{"href":"https:\/\/brixiustrading.168-63-79-147.plesk.page\/index.php?rest_route=%2Fwp%2Fv2%2Fmedia&parent=4819"}],"wp:term":[{"taxonomy":"product_brand","embeddable":true,"href":"https:\/\/brixiustrading.168-63-79-147.plesk.page\/index.php?rest_route=%2Fwp%2Fv2%2Fproduct_brand&post=4819"},{"taxonomy":"product_cat","embeddable":true,"href":"https:\/\/brixiustrading.168-63-79-147.plesk.page\/index.php?rest_route=%2Fwp%2Fv2%2Fproduct_cat&post=4819"},{"taxonomy":"product_tag","embeddable":true,"href":"https:\/\/brixiustrading.168-63-79-147.plesk.page\/index.php?rest_route=%2Fwp%2Fv2%2Fproduct_tag&post=4819"}],"curies":[{"name":"wp","href":"https:\/\/api.w.org\/{rel}","templated":true}]}}