{"id":4826,"date":"2025-10-03T13:03:31","date_gmt":"2025-10-03T11:03:31","guid":{"rendered":"https:\/\/brixiustrading.168-63-79-147.plesk.page\/product\/daek-24x1-hf-854-graa\/"},"modified":"2025-10-03T13:03:32","modified_gmt":"2025-10-03T11:03:32","slug":"daek-24x1-hf-854-graa","status":"publish","type":"product","link":"https:\/\/brixiustrading.168-63-79-147.plesk.page\/?product=daek-24x1-hf-854-graa","title":{"rendered":"D\u00e6k 24&#215;1 HF-854 Gr\u00e5"},"content":{"rendered":"<p>D\u00e6k 24&#215;1 HF-854 Gr\u00e5<\/p>\n","protected":false},"excerpt":{"rendered":"<p>D\u00e6k 24&#215;1 HF-854 Gr\u00e5<\/p>\n","protected":false},"featured_media":20942,"template":"","meta":{"_acf_changed":false},"product_brand":[],"product_cat":[52],"product_tag":[88],"class_list":{"0":"post-4826","1":"product","2":"type-product","3":"status-publish","4":"has-post-thumbnail","6":"product_cat-cykeldaek-graa-daek","7":"product_tag-webshop","9":"first","10":"instock","11":"taxable","12":"shipping-taxable","13":"purchasable","14":"product-type-simple"},"acf":[],"aioseo_notices":[],"_links":{"self":[{"href":"https:\/\/brixiustrading.168-63-79-147.plesk.page\/index.php?rest_route=\/wp\/v2\/product\/4826","targetHints":{"allow":["GET"]}}],"collection":[{"href":"https:\/\/brixiustrading.168-63-79-147.plesk.page\/index.php?rest_route=\/wp\/v2\/product"}],"about":[{"href":"https:\/\/brixiustrading.168-63-79-147.plesk.page\/index.php?rest_route=\/wp\/v2\/types\/product"}],"wp:featuredmedia":[{"embeddable":true,"href":"https:\/\/brixiustrading.168-63-79-147.plesk.page\/index.php?rest_route=\/wp\/v2\/media\/20942"}],"wp:attachment":[{"href":"https:\/\/brixiustrading.168-63-79-147.plesk.page\/index.php?rest_route=%2Fwp%2Fv2%2Fmedia&parent=4826"}],"wp:term":[{"taxonomy":"product_brand","embeddable":true,"href":"https:\/\/brixiustrading.168-63-79-147.plesk.page\/index.php?rest_route=%2Fwp%2Fv2%2Fproduct_brand&post=4826"},{"taxonomy":"product_cat","embeddable":true,"href":"https:\/\/brixiustrading.168-63-79-147.plesk.page\/index.php?rest_route=%2Fwp%2Fv2%2Fproduct_cat&post=4826"},{"taxonomy":"product_tag","embeddable":true,"href":"https:\/\/brixiustrading.168-63-79-147.plesk.page\/index.php?rest_route=%2Fwp%2Fv2%2Fproduct_tag&post=4826"}],"curies":[{"name":"wp","href":"https:\/\/api.w.org\/{rel}","templated":true}]}}