{"id":51156,"date":"2026-02-09T06:30:58","date_gmt":"2026-02-09T05:30:58","guid":{"rendered":"https:\/\/brixiustrading.168-63-79-147.plesk.page\/?p=51156"},"modified":"2026-02-09T06:30:58","modified_gmt":"2026-02-09T05:30:58","slug":"glidelejeboesn-oe235x35-mp-6","status":"publish","type":"product","link":"https:\/\/brixiustrading.168-63-79-147.plesk.page\/?product=glidelejeboesn-oe235x35-mp-6","title":{"rendered":"Glidelejeb\u00f8sn.\u00d823,5&#215;35 (MP)"},"content":{"rendered":"<p>Glidelejeb\u00f8sn.\u00d823,5&#215;35 (MP)<\/p>\n","protected":false},"excerpt":{"rendered":"<p>Glidelejeb\u00f8sn.\u00d823,5&#215;35 (MP)<\/p>\n","protected":false},"featured_media":0,"template":"","meta":{"_acf_changed":false},"product_brand":[],"product_cat":[],"product_tag":[],"class_list":{"0":"post-51156","1":"product","2":"type-product","3":"status-publish","6":"first","7":"instock","8":"taxable","9":"shipping-taxable","10":"product-type-simple"},"acf":[],"aioseo_notices":[],"_links":{"self":[{"href":"https:\/\/brixiustrading.168-63-79-147.plesk.page\/index.php?rest_route=\/wp\/v2\/product\/51156","targetHints":{"allow":["GET"]}}],"collection":[{"href":"https:\/\/brixiustrading.168-63-79-147.plesk.page\/index.php?rest_route=\/wp\/v2\/product"}],"about":[{"href":"https:\/\/brixiustrading.168-63-79-147.plesk.page\/index.php?rest_route=\/wp\/v2\/types\/product"}],"wp:attachment":[{"href":"https:\/\/brixiustrading.168-63-79-147.plesk.page\/index.php?rest_route=%2Fwp%2Fv2%2Fmedia&parent=51156"}],"wp:term":[{"taxonomy":"product_brand","embeddable":true,"href":"https:\/\/brixiustrading.168-63-79-147.plesk.page\/index.php?rest_route=%2Fwp%2Fv2%2Fproduct_brand&post=51156"},{"taxonomy":"product_cat","embeddable":true,"href":"https:\/\/brixiustrading.168-63-79-147.plesk.page\/index.php?rest_route=%2Fwp%2Fv2%2Fproduct_cat&post=51156"},{"taxonomy":"product_tag","embeddable":true,"href":"https:\/\/brixiustrading.168-63-79-147.plesk.page\/index.php?rest_route=%2Fwp%2Fv2%2Fproduct_tag&post=51156"}],"curies":[{"name":"wp","href":"https:\/\/api.w.org\/{rel}","templated":true}]}}