{"id":5577,"date":"2025-07-07T21:03:45","date_gmt":"2025-07-07T19:03:45","guid":{"rendered":"https:\/\/brixiustrading.168-63-79-147.plesk.page\/product\/faelgbaand-18x28mm\/"},"modified":"2025-07-07T21:03:46","modified_gmt":"2025-07-07T19:03:46","slug":"faelgbaand-18x28mm","status":"publish","type":"product","link":"https:\/\/brixiustrading.168-63-79-147.plesk.page\/?product=faelgbaand-18x28mm","title":{"rendered":"F\u00e6lgb\u00e5nd 18&#8221;x28mm"},"content":{"rendered":"<p>F\u00e6lgb\u00e5nd 18&#8221;x28mm<\/p>\n","protected":false},"excerpt":{"rendered":"<p>F\u00e6lgb\u00e5nd 18&#8221;x28mm<\/p>\n","protected":false},"featured_media":13411,"template":"","meta":{"_acf_changed":false},"product_brand":[],"product_cat":[62],"product_tag":[88],"class_list":{"0":"post-5577","1":"product","2":"type-product","3":"status-publish","4":"has-post-thumbnail","6":"product_cat-faelgbaand","7":"product_tag-webshop","9":"first","10":"instock","11":"taxable","12":"shipping-taxable","13":"purchasable","14":"product-type-simple"},"acf":[],"aioseo_notices":[],"_links":{"self":[{"href":"https:\/\/brixiustrading.168-63-79-147.plesk.page\/index.php?rest_route=\/wp\/v2\/product\/5577","targetHints":{"allow":["GET"]}}],"collection":[{"href":"https:\/\/brixiustrading.168-63-79-147.plesk.page\/index.php?rest_route=\/wp\/v2\/product"}],"about":[{"href":"https:\/\/brixiustrading.168-63-79-147.plesk.page\/index.php?rest_route=\/wp\/v2\/types\/product"}],"wp:featuredmedia":[{"embeddable":true,"href":"https:\/\/brixiustrading.168-63-79-147.plesk.page\/index.php?rest_route=\/wp\/v2\/media\/13411"}],"wp:attachment":[{"href":"https:\/\/brixiustrading.168-63-79-147.plesk.page\/index.php?rest_route=%2Fwp%2Fv2%2Fmedia&parent=5577"}],"wp:term":[{"taxonomy":"product_brand","embeddable":true,"href":"https:\/\/brixiustrading.168-63-79-147.plesk.page\/index.php?rest_route=%2Fwp%2Fv2%2Fproduct_brand&post=5577"},{"taxonomy":"product_cat","embeddable":true,"href":"https:\/\/brixiustrading.168-63-79-147.plesk.page\/index.php?rest_route=%2Fwp%2Fv2%2Fproduct_cat&post=5577"},{"taxonomy":"product_tag","embeddable":true,"href":"https:\/\/brixiustrading.168-63-79-147.plesk.page\/index.php?rest_route=%2Fwp%2Fv2%2Fproduct_tag&post=5577"}],"curies":[{"name":"wp","href":"https:\/\/api.w.org\/{rel}","templated":true}]}}