{"id":6631,"date":"2025-09-23T02:03:44","date_gmt":"2025-09-23T00:03:44","guid":{"rendered":"https:\/\/brixiustrading.168-63-79-147.plesk.page\/product\/ks-faelg-2-10x4-gl23-5x75-graa\/"},"modified":"2025-09-23T02:03:44","modified_gmt":"2025-09-23T00:03:44","slug":"ks-faelg-2-10x4-gl23-5x75-graa","status":"publish","type":"product","link":"https:\/\/brixiustrading.168-63-79-147.plesk.page\/?product=ks-faelg-2-10x4-gl23-5x75-graa","title":{"rendered":"KS F\u00e6lg 2.10&#215;4 GL23.5&#215;75 Gr\u00e5"},"content":{"rendered":"<p>KS F\u00e6lg 2.10&#215;4 GL23.5&#215;75 Gr\u00e5<\/p>\n","protected":false},"excerpt":{"rendered":"<p>KS F\u00e6lg 2.10&#215;4 GL23.5&#215;75 Gr\u00e5<\/p>\n","protected":false},"featured_media":19473,"template":"","meta":{"_acf_changed":false},"product_brand":[],"product_cat":[72],"product_tag":[88],"class_list":{"0":"post-6631","1":"product","2":"type-product","3":"status-publish","4":"has-post-thumbnail","6":"product_cat-smaafaelge","7":"product_tag-webshop","9":"first","10":"instock","11":"taxable","12":"shipping-taxable","13":"purchasable","14":"product-type-simple"},"acf":[],"aioseo_notices":[],"_links":{"self":[{"href":"https:\/\/brixiustrading.168-63-79-147.plesk.page\/index.php?rest_route=\/wp\/v2\/product\/6631","targetHints":{"allow":["GET"]}}],"collection":[{"href":"https:\/\/brixiustrading.168-63-79-147.plesk.page\/index.php?rest_route=\/wp\/v2\/product"}],"about":[{"href":"https:\/\/brixiustrading.168-63-79-147.plesk.page\/index.php?rest_route=\/wp\/v2\/types\/product"}],"wp:featuredmedia":[{"embeddable":true,"href":"https:\/\/brixiustrading.168-63-79-147.plesk.page\/index.php?rest_route=\/wp\/v2\/media\/19473"}],"wp:attachment":[{"href":"https:\/\/brixiustrading.168-63-79-147.plesk.page\/index.php?rest_route=%2Fwp%2Fv2%2Fmedia&parent=6631"}],"wp:term":[{"taxonomy":"product_brand","embeddable":true,"href":"https:\/\/brixiustrading.168-63-79-147.plesk.page\/index.php?rest_route=%2Fwp%2Fv2%2Fproduct_brand&post=6631"},{"taxonomy":"product_cat","embeddable":true,"href":"https:\/\/brixiustrading.168-63-79-147.plesk.page\/index.php?rest_route=%2Fwp%2Fv2%2Fproduct_cat&post=6631"},{"taxonomy":"product_tag","embeddable":true,"href":"https:\/\/brixiustrading.168-63-79-147.plesk.page\/index.php?rest_route=%2Fwp%2Fv2%2Fproduct_tag&post=6631"}],"curies":[{"name":"wp","href":"https:\/\/api.w.org\/{rel}","templated":true}]}}