{"id":6667,"date":"2024-11-26T20:03:13","date_gmt":"2024-11-26T19:03:13","guid":{"rendered":"https:\/\/brixiustrading.168-63-79-147.plesk.page\/product\/rullelejedaeksel-oe20x35mm\/"},"modified":"2024-11-26T20:03:15","modified_gmt":"2024-11-26T19:03:15","slug":"rullelejedaeksel-oe20x35mm","status":"publish","type":"product","link":"https:\/\/brixiustrading.168-63-79-147.plesk.page\/?product=rullelejedaeksel-oe20x35mm","title":{"rendered":"Rullelejed\u00e6ksel \u00d820x35mm"},"content":{"rendered":"<p>Rullelejed\u00e6ksel \u00d820x35mm<\/p>\n","protected":false},"excerpt":{"rendered":"<p>Rullelejed\u00e6ksel \u00d820x35mm<\/p>\n","protected":false},"featured_media":19497,"template":"","meta":{"_acf_changed":false},"product_brand":[],"product_cat":[72],"product_tag":[88],"class_list":{"0":"post-6667","1":"product","2":"type-product","3":"status-publish","4":"has-post-thumbnail","6":"product_cat-smaafaelge","7":"product_tag-webshop","9":"first","10":"instock","11":"taxable","12":"shipping-taxable","13":"purchasable","14":"product-type-simple"},"acf":[],"aioseo_notices":[],"_links":{"self":[{"href":"https:\/\/brixiustrading.168-63-79-147.plesk.page\/index.php?rest_route=\/wp\/v2\/product\/6667","targetHints":{"allow":["GET"]}}],"collection":[{"href":"https:\/\/brixiustrading.168-63-79-147.plesk.page\/index.php?rest_route=\/wp\/v2\/product"}],"about":[{"href":"https:\/\/brixiustrading.168-63-79-147.plesk.page\/index.php?rest_route=\/wp\/v2\/types\/product"}],"wp:featuredmedia":[{"embeddable":true,"href":"https:\/\/brixiustrading.168-63-79-147.plesk.page\/index.php?rest_route=\/wp\/v2\/media\/19497"}],"wp:attachment":[{"href":"https:\/\/brixiustrading.168-63-79-147.plesk.page\/index.php?rest_route=%2Fwp%2Fv2%2Fmedia&parent=6667"}],"wp:term":[{"taxonomy":"product_brand","embeddable":true,"href":"https:\/\/brixiustrading.168-63-79-147.plesk.page\/index.php?rest_route=%2Fwp%2Fv2%2Fproduct_brand&post=6667"},{"taxonomy":"product_cat","embeddable":true,"href":"https:\/\/brixiustrading.168-63-79-147.plesk.page\/index.php?rest_route=%2Fwp%2Fv2%2Fproduct_cat&post=6667"},{"taxonomy":"product_tag","embeddable":true,"href":"https:\/\/brixiustrading.168-63-79-147.plesk.page\/index.php?rest_route=%2Fwp%2Fv2%2Fproduct_tag&post=6667"}],"curies":[{"name":"wp","href":"https:\/\/api.w.org\/{rel}","templated":true}]}}