{"id":7015,"date":"2024-12-03T08:03:11","date_gmt":"2024-12-03T07:03:11","guid":{"rendered":"https:\/\/brixiustrading.168-63-79-147.plesk.page\/product\/gk-2-10x4-s-6204-120-13-m-roerstk-roed\/"},"modified":"2024-12-03T08:03:16","modified_gmt":"2024-12-03T07:03:16","slug":"gk-2-10x4-s-6204-120-13-m-roerstk-roed","status":"publish","type":"product","link":"https:\/\/brixiustrading.168-63-79-147.plesk.page\/?product=gk-2-10x4-s-6204-120-13-m-roerstk-roed","title":{"rendered":"GK 2.10&#215;4 S 6204-120-13 m.r\u00f8rstk R\u00f8d"},"content":{"rendered":"<p>GK 2.10&#215;4 S 6204-120-13 m.r\u00f8rstk R\u00f8d<\/p>\n","protected":false},"excerpt":{"rendered":"<p>GK 2.10&#215;4 S 6204-120-13 m.r\u00f8rstk R\u00f8d<\/p>\n","protected":false},"featured_media":19597,"template":"","meta":{"_acf_changed":false},"product_brand":[],"product_cat":[72],"product_tag":[88],"class_list":{"0":"post-7015","1":"product","2":"type-product","3":"status-publish","4":"has-post-thumbnail","6":"product_cat-smaafaelge","7":"product_tag-webshop","9":"first","10":"instock","11":"taxable","12":"shipping-taxable","13":"purchasable","14":"product-type-simple"},"acf":[],"aioseo_notices":[],"_links":{"self":[{"href":"https:\/\/brixiustrading.168-63-79-147.plesk.page\/index.php?rest_route=\/wp\/v2\/product\/7015","targetHints":{"allow":["GET"]}}],"collection":[{"href":"https:\/\/brixiustrading.168-63-79-147.plesk.page\/index.php?rest_route=\/wp\/v2\/product"}],"about":[{"href":"https:\/\/brixiustrading.168-63-79-147.plesk.page\/index.php?rest_route=\/wp\/v2\/types\/product"}],"wp:featuredmedia":[{"embeddable":true,"href":"https:\/\/brixiustrading.168-63-79-147.plesk.page\/index.php?rest_route=\/wp\/v2\/media\/19597"}],"wp:attachment":[{"href":"https:\/\/brixiustrading.168-63-79-147.plesk.page\/index.php?rest_route=%2Fwp%2Fv2%2Fmedia&parent=7015"}],"wp:term":[{"taxonomy":"product_brand","embeddable":true,"href":"https:\/\/brixiustrading.168-63-79-147.plesk.page\/index.php?rest_route=%2Fwp%2Fv2%2Fproduct_brand&post=7015"},{"taxonomy":"product_cat","embeddable":true,"href":"https:\/\/brixiustrading.168-63-79-147.plesk.page\/index.php?rest_route=%2Fwp%2Fv2%2Fproduct_cat&post=7015"},{"taxonomy":"product_tag","embeddable":true,"href":"https:\/\/brixiustrading.168-63-79-147.plesk.page\/index.php?rest_route=%2Fwp%2Fv2%2Fproduct_tag&post=7015"}],"curies":[{"name":"wp","href":"https:\/\/api.w.org\/{rel}","templated":true}]}}