{"id":7022,"date":"2025-07-08T13:03:47","date_gmt":"2025-07-08T11:03:47","guid":{"rendered":"https:\/\/brixiustrading.168-63-79-147.plesk.page\/product\/gk-2-50c-4-6204-120-17-forstaerket-4mm-soelv\/"},"modified":"2025-07-08T13:03:51","modified_gmt":"2025-07-08T11:03:51","slug":"gk-2-50c-4-6204-120-17-forstaerket-4mm-soelv","status":"publish","type":"product","link":"https:\/\/brixiustrading.168-63-79-147.plesk.page\/?product=gk-2-50c-4-6204-120-17-forstaerket-4mm-soelv","title":{"rendered":"GK 2.50c-4 6204 120-17 Forst\u00e6rket 4mm S\u00f8lv"},"content":{"rendered":"<p>GK 2.50c-4 6204 120-17 Forst\u00e6rket 4mm S\u00f8lv<\/p>\n","protected":false},"excerpt":{"rendered":"<p>GK 2.50c-4 6204 120-17 Forst\u00e6rket 4mm S\u00f8lv<\/p>\n","protected":false},"featured_media":19891,"template":"","meta":{"_acf_changed":false},"product_brand":[],"product_cat":[72],"product_tag":[88],"class_list":{"0":"post-7022","1":"product","2":"type-product","3":"status-publish","4":"has-post-thumbnail","6":"product_cat-smaafaelge","7":"product_tag-webshop","9":"first","10":"instock","11":"taxable","12":"shipping-taxable","13":"purchasable","14":"product-type-simple"},"acf":[],"aioseo_notices":[],"_links":{"self":[{"href":"https:\/\/brixiustrading.168-63-79-147.plesk.page\/index.php?rest_route=\/wp\/v2\/product\/7022","targetHints":{"allow":["GET"]}}],"collection":[{"href":"https:\/\/brixiustrading.168-63-79-147.plesk.page\/index.php?rest_route=\/wp\/v2\/product"}],"about":[{"href":"https:\/\/brixiustrading.168-63-79-147.plesk.page\/index.php?rest_route=\/wp\/v2\/types\/product"}],"wp:featuredmedia":[{"embeddable":true,"href":"https:\/\/brixiustrading.168-63-79-147.plesk.page\/index.php?rest_route=\/wp\/v2\/media\/19891"}],"wp:attachment":[{"href":"https:\/\/brixiustrading.168-63-79-147.plesk.page\/index.php?rest_route=%2Fwp%2Fv2%2Fmedia&parent=7022"}],"wp:term":[{"taxonomy":"product_brand","embeddable":true,"href":"https:\/\/brixiustrading.168-63-79-147.plesk.page\/index.php?rest_route=%2Fwp%2Fv2%2Fproduct_brand&post=7022"},{"taxonomy":"product_cat","embeddable":true,"href":"https:\/\/brixiustrading.168-63-79-147.plesk.page\/index.php?rest_route=%2Fwp%2Fv2%2Fproduct_cat&post=7022"},{"taxonomy":"product_tag","embeddable":true,"href":"https:\/\/brixiustrading.168-63-79-147.plesk.page\/index.php?rest_route=%2Fwp%2Fv2%2Fproduct_tag&post=7022"}],"curies":[{"name":"wp","href":"https:\/\/api.w.org\/{rel}","templated":true}]}}