{"id":73722,"date":"2026-02-17T03:30:30","date_gmt":"2026-02-17T02:30:30","guid":{"rendered":"https:\/\/brixiustrading.168-63-79-147.plesk.page\/?p=73722"},"modified":"2026-02-17T03:30:30","modified_gmt":"2026-02-17T02:30:30","slug":"daek-21x8-9-14-tt-hf-283a-incl-faelgbaand-12","status":"publish","type":"product","link":"https:\/\/brixiustrading.168-63-79-147.plesk.page\/?product=daek-21x8-9-14-tt-hf-283a-incl-faelgbaand-12","title":{"rendered":"D\u00e6k 21&#215;8-9\/14 TT HF-283A (incl f\u00e6lgb\u00e5nd)"},"content":{"rendered":"<p>D\u00e6k 21&#215;8-9\/14 TT HF-283A (incl f\u00e6lgb\u00e5nd)<\/p>\n","protected":false},"excerpt":{"rendered":"<p>D\u00e6k 21&#215;8-9\/14 TT HF-283A (incl f\u00e6lgb\u00e5nd)<\/p>\n","protected":false},"featured_media":0,"template":"","meta":{"_acf_changed":false},"product_brand":[],"product_cat":[],"product_tag":[],"class_list":{"0":"post-73722","1":"product","2":"type-product","3":"status-publish","6":"first","7":"instock","8":"taxable","9":"shipping-taxable","10":"product-type-simple"},"acf":[],"aioseo_notices":[],"_links":{"self":[{"href":"https:\/\/brixiustrading.168-63-79-147.plesk.page\/index.php?rest_route=\/wp\/v2\/product\/73722","targetHints":{"allow":["GET"]}}],"collection":[{"href":"https:\/\/brixiustrading.168-63-79-147.plesk.page\/index.php?rest_route=\/wp\/v2\/product"}],"about":[{"href":"https:\/\/brixiustrading.168-63-79-147.plesk.page\/index.php?rest_route=\/wp\/v2\/types\/product"}],"wp:attachment":[{"href":"https:\/\/brixiustrading.168-63-79-147.plesk.page\/index.php?rest_route=%2Fwp%2Fv2%2Fmedia&parent=73722"}],"wp:term":[{"taxonomy":"product_brand","embeddable":true,"href":"https:\/\/brixiustrading.168-63-79-147.plesk.page\/index.php?rest_route=%2Fwp%2Fv2%2Fproduct_brand&post=73722"},{"taxonomy":"product_cat","embeddable":true,"href":"https:\/\/brixiustrading.168-63-79-147.plesk.page\/index.php?rest_route=%2Fwp%2Fv2%2Fproduct_cat&post=73722"},{"taxonomy":"product_tag","embeddable":true,"href":"https:\/\/brixiustrading.168-63-79-147.plesk.page\/index.php?rest_route=%2Fwp%2Fv2%2Fproduct_tag&post=73722"}],"curies":[{"name":"wp","href":"https:\/\/api.w.org\/{rel}","templated":true}]}}