{"id":7861,"date":"2024-09-30T19:03:49","date_gmt":"2024-09-30T17:03:49","guid":{"rendered":"https:\/\/brixiustrading.168-63-79-147.plesk.page\/product\/daek-3-00x6-grey-c-917\/"},"modified":"2024-09-30T19:03:50","modified_gmt":"2024-09-30T17:03:50","slug":"daek-3-00x6-graa-c-917","status":"publish","type":"product","link":"https:\/\/brixiustrading.168-63-79-147.plesk.page\/?product=daek-3-00x6-graa-c-917","title":{"rendered":"D\u00e6k 3.00&#215;6 Gr\u00e5 C-917"},"content":{"rendered":"<p>D\u00e6k 3.00&#215;6 Gr\u00e5 C-917<\/p>\n","protected":false},"excerpt":{"rendered":"<p>D\u00e6k 3.00&#215;6 Gr\u00e5 C-917<\/p>\n","protected":false},"featured_media":17652,"template":"","meta":{"_acf_changed":false},"product_brand":[],"product_cat":[52],"product_tag":[88],"class_list":{"0":"post-7861","1":"product","2":"type-product","3":"status-publish","4":"has-post-thumbnail","6":"product_cat-cykeldaek-graa-daek","7":"product_tag-webshop","9":"first","10":"instock","11":"taxable","12":"shipping-taxable","13":"purchasable","14":"product-type-simple"},"acf":[],"aioseo_notices":[],"_links":{"self":[{"href":"https:\/\/brixiustrading.168-63-79-147.plesk.page\/index.php?rest_route=\/wp\/v2\/product\/7861","targetHints":{"allow":["GET"]}}],"collection":[{"href":"https:\/\/brixiustrading.168-63-79-147.plesk.page\/index.php?rest_route=\/wp\/v2\/product"}],"about":[{"href":"https:\/\/brixiustrading.168-63-79-147.plesk.page\/index.php?rest_route=\/wp\/v2\/types\/product"}],"wp:featuredmedia":[{"embeddable":true,"href":"https:\/\/brixiustrading.168-63-79-147.plesk.page\/index.php?rest_route=\/wp\/v2\/media\/17652"}],"wp:attachment":[{"href":"https:\/\/brixiustrading.168-63-79-147.plesk.page\/index.php?rest_route=%2Fwp%2Fv2%2Fmedia&parent=7861"}],"wp:term":[{"taxonomy":"product_brand","embeddable":true,"href":"https:\/\/brixiustrading.168-63-79-147.plesk.page\/index.php?rest_route=%2Fwp%2Fv2%2Fproduct_brand&post=7861"},{"taxonomy":"product_cat","embeddable":true,"href":"https:\/\/brixiustrading.168-63-79-147.plesk.page\/index.php?rest_route=%2Fwp%2Fv2%2Fproduct_cat&post=7861"},{"taxonomy":"product_tag","embeddable":true,"href":"https:\/\/brixiustrading.168-63-79-147.plesk.page\/index.php?rest_route=%2Fwp%2Fv2%2Fproduct_tag&post=7861"}],"curies":[{"name":"wp","href":"https:\/\/api.w.org\/{rel}","templated":true}]}}