{"id":8065,"date":"2025-10-13T17:03:56","date_gmt":"2025-10-13T15:03:56","guid":{"rendered":"https:\/\/brixiustrading.168-63-79-147.plesk.page\/product\/gk-1-50-3-d-85-13-spec-taetning-graa\/"},"modified":"2025-10-13T17:03:57","modified_gmt":"2025-10-13T15:03:57","slug":"gk-1-50-3-d-85-13-spec-taetning-graa","status":"publish","type":"product","link":"https:\/\/brixiustrading.168-63-79-147.plesk.page\/?product=gk-1-50-3-d-85-13-spec-taetning-graa","title":{"rendered":"GK 1.50-3 D. 85-13 Spec. T\u00e6tning Gr\u00e5"},"content":{"rendered":"<p>GK 1.50-3 D. 85-13 Spec. T\u00e6tning Gr\u00e5<\/p>\n","protected":false},"excerpt":{"rendered":"<p>GK 1.50-3 D. 85-13 Spec. T\u00e6tning Gr\u00e5<\/p>\n","protected":false},"featured_media":19766,"template":"","meta":{"_acf_changed":false},"product_brand":[],"product_cat":[72],"product_tag":[88],"class_list":{"0":"post-8065","1":"product","2":"type-product","3":"status-publish","4":"has-post-thumbnail","6":"product_cat-smaafaelge","7":"product_tag-webshop","9":"first","10":"instock","11":"taxable","12":"shipping-taxable","13":"purchasable","14":"product-type-simple"},"acf":[],"aioseo_notices":[],"_links":{"self":[{"href":"https:\/\/brixiustrading.168-63-79-147.plesk.page\/index.php?rest_route=\/wp\/v2\/product\/8065","targetHints":{"allow":["GET"]}}],"collection":[{"href":"https:\/\/brixiustrading.168-63-79-147.plesk.page\/index.php?rest_route=\/wp\/v2\/product"}],"about":[{"href":"https:\/\/brixiustrading.168-63-79-147.plesk.page\/index.php?rest_route=\/wp\/v2\/types\/product"}],"wp:featuredmedia":[{"embeddable":true,"href":"https:\/\/brixiustrading.168-63-79-147.plesk.page\/index.php?rest_route=\/wp\/v2\/media\/19766"}],"wp:attachment":[{"href":"https:\/\/brixiustrading.168-63-79-147.plesk.page\/index.php?rest_route=%2Fwp%2Fv2%2Fmedia&parent=8065"}],"wp:term":[{"taxonomy":"product_brand","embeddable":true,"href":"https:\/\/brixiustrading.168-63-79-147.plesk.page\/index.php?rest_route=%2Fwp%2Fv2%2Fproduct_brand&post=8065"},{"taxonomy":"product_cat","embeddable":true,"href":"https:\/\/brixiustrading.168-63-79-147.plesk.page\/index.php?rest_route=%2Fwp%2Fv2%2Fproduct_cat&post=8065"},{"taxonomy":"product_tag","embeddable":true,"href":"https:\/\/brixiustrading.168-63-79-147.plesk.page\/index.php?rest_route=%2Fwp%2Fv2%2Fproduct_tag&post=8065"}],"curies":[{"name":"wp","href":"https:\/\/api.w.org\/{rel}","templated":true}]}}