{"id":83740,"date":"2026-02-18T09:30:18","date_gmt":"2026-02-18T08:30:18","guid":{"rendered":"https:\/\/brixiustrading.168-63-79-147.plesk.page\/?p=83740"},"modified":"2026-02-18T09:30:18","modified_gmt":"2026-02-18T08:30:18","slug":"aksel-oe30x256mm-laengere-gevind-14","status":"publish","type":"product","link":"https:\/\/brixiustrading.168-63-79-147.plesk.page\/?product=aksel-oe30x256mm-laengere-gevind-14","title":{"rendered":"Aksel \u00d830x256mm L\u00c6NGERE GEVIND"},"content":{"rendered":"<p>Aksel \u00d830x256mm L\u00c6NGERE GEVIND<\/p>\n","protected":false},"excerpt":{"rendered":"<p>Aksel \u00d830x256mm L\u00c6NGERE GEVIND<\/p>\n","protected":false},"featured_media":0,"template":"","meta":{"_acf_changed":false},"product_brand":[],"product_cat":[],"product_tag":[],"class_list":{"0":"post-83740","1":"product","2":"type-product","3":"status-publish","6":"first","7":"instock","8":"taxable","9":"shipping-taxable","10":"product-type-simple"},"acf":[],"aioseo_notices":[],"_links":{"self":[{"href":"https:\/\/brixiustrading.168-63-79-147.plesk.page\/index.php?rest_route=\/wp\/v2\/product\/83740","targetHints":{"allow":["GET"]}}],"collection":[{"href":"https:\/\/brixiustrading.168-63-79-147.plesk.page\/index.php?rest_route=\/wp\/v2\/product"}],"about":[{"href":"https:\/\/brixiustrading.168-63-79-147.plesk.page\/index.php?rest_route=\/wp\/v2\/types\/product"}],"wp:attachment":[{"href":"https:\/\/brixiustrading.168-63-79-147.plesk.page\/index.php?rest_route=%2Fwp%2Fv2%2Fmedia&parent=83740"}],"wp:term":[{"taxonomy":"product_brand","embeddable":true,"href":"https:\/\/brixiustrading.168-63-79-147.plesk.page\/index.php?rest_route=%2Fwp%2Fv2%2Fproduct_brand&post=83740"},{"taxonomy":"product_cat","embeddable":true,"href":"https:\/\/brixiustrading.168-63-79-147.plesk.page\/index.php?rest_route=%2Fwp%2Fv2%2Fproduct_cat&post=83740"},{"taxonomy":"product_tag","embeddable":true,"href":"https:\/\/brixiustrading.168-63-79-147.plesk.page\/index.php?rest_route=%2Fwp%2Fv2%2Fproduct_tag&post=83740"}],"curies":[{"name":"wp","href":"https:\/\/api.w.org\/{rel}","templated":true}]}}